{"id":9226,"date":"2024-01-24T14:31:46","date_gmt":"2024-01-24T12:31:46","guid":{"rendered":"https:\/\/maxi.ee\/websites-created-by-us\/"},"modified":"2024-05-02T21:54:41","modified_gmt":"2024-05-02T18:54:41","slug":"websites-created-by-us","status":"publish","type":"page","link":"https:\/\/maxi.ee\/en\/websites-created-by-us\/","title":{"rendered":"Websites created by us"},"content":{"rendered":"\n<h2 class=\"wp-block-heading\"><\/h2>\n\n<figure class=\"wp-block-table\"><table><tbody><tr><td><img decoding=\"async\" src=\"https:\/\/maxi.ee\/images\/stories\/portfolio\/nt-voore.gif\" alt=\"Voore Puhkekeskus\"\/><\/td><td><strong>Voore Puhkekeskus<\/strong><br\/>Joomla sisuhaldusmootoril kodulehek\u00fclg<br\/><a href=\"http:\/\/www.voorepuhkekeskus.ee\/\" target=\"_blank\" rel=\"noreferrer noopener\">http:\/\/www.voorepuhkekeskus.ee<\/a><br\/>(2014)<\/td><\/tr><tr><td><img decoding=\"async\" src=\"https:\/\/maxi.ee\/images\/stories\/portfolio\/nt-skanholz.gif\" alt=\"Skan Holz Helme AS\"\/><\/td><td><strong>Skan Holz Helme AS<\/strong><br\/>Joomla sisuhaldusmootoril kodulehek\u00fclg<br\/><a href=\"http:\/\/www.skanholz.ee\/\" target=\"_blank\" rel=\"noreferrer noopener\">http:\/\/www.skanholz.ee<\/a><br\/>(2014)<\/td><\/tr><tr><td><img decoding=\"async\" src=\"https:\/\/maxi.ee\/images\/stories\/portfolio\/nt-gresando.gif\" alt=\"O&#xDC; Gresando\"\/><\/td><td><strong>O\u00dc Gresando<\/strong><br\/>Joomla sisuhaldusmootoril kodulehek\u00fclg<br\/>http:\/\/www.gresando.ee<br\/>(2014)<\/td><\/tr><tr><td><img decoding=\"async\" src=\"https:\/\/maxi.ee\/images\/stories\/portfolio\/nt-muhumaa.gif\" alt=\"Uue Kodu Planeerimise O&#xDC;\"\/><\/td><td><strong>Uue Kodu Planeerimise O\u00dc<\/strong> &#8211; Real estate development<br\/>Joomla sisuhaldusmootoril kodulehek\u00fclg<br\/>http:\/\/www.muhumaa.com<br\/>(2012)<\/td><\/tr><tr><td><img decoding=\"async\" src=\"https:\/\/maxi.ee\/images\/stories\/portfolio\/nt-baltrec.gif\" alt=\"O&#xDC; Balt Recycling\"\/><\/td><td><strong>O\u00dc Balt Recycling<\/strong> &#8211; Purchase of catalytic converters<br\/>Joomla sisuhaldusmootoril kodulehek\u00fclg<br\/>http:\/\/www.baltrec.ee<br\/>(2012)<\/td><\/tr><tr><td><img decoding=\"async\" src=\"https:\/\/maxi.ee\/images\/stories\/portfolio\/nt-agd.gif\" alt=\"AGD Group O&#xDC;\"\/><\/td><td><strong>AGD Group O\u00dc<\/strong> &#8211; Free legal assistance, debt collection, legal assistance for housing associations<br\/>Joomla sisuhaldusmootoril kodulehek\u00fclg<br\/>http:\/\/www.agd.ee<br\/>(2012)<\/td><\/tr><tr><td><img decoding=\"async\" src=\"https:\/\/maxi.ee\/images\/stories\/portfolio\/nt-metallikaubandus.gif\" alt=\"Metallikaubanduse Grupp O&#xDC;\"\/><\/td><td><strong>Metallikaubanduse Grupp O\u00dc<\/strong> &#8211; purchase of non-ferrous metal<br\/>Joomla sisuhaldusmootoril kodulehek\u00fclg<br\/><a href=\"http:\/\/www.metallikaubandus.ee\/\" target=\"_blank\" rel=\"noreferrer noopener\">http:\/\/www.metallikaubandus.ee<\/a><br\/>(2012)<\/td><\/tr><tr><td><img decoding=\"async\" src=\"https:\/\/maxi.ee\/images\/stories\/portfolio\/nt-medkoe-ee.gif\" alt=\"Medkoe O&#xDC;\"\/><\/td><td><strong>Medkoe O\u00dc<\/strong> &#8211; sale and installation of laboratory furniture and equipment<br\/>Joomla sisuhaldusmootoril kodulehek\u00fclg<br\/>http:\/\/www.medkoe.ee<br\/>(2012)<\/td><\/tr><tr><td><img decoding=\"async\" src=\"https:\/\/maxi.ee\/images\/stories\/portfolio\/nt-metsaleht.gif\" alt=\"Forest News\"\/><\/td><td><strong>Forest leaf minisite<\/strong><br\/>Static website<br\/>http:\/\/www.elfond.ee\/metsaleht<br\/>(2012)<\/td><\/tr><tr><td><img decoding=\"async\" src=\"https:\/\/maxi.ee\/images\/stories\/portfolio\/nt-harrastajad.gif\" alt=\"JK Tartu Amateurs\"\/><\/td><td><strong>JK Tartu Amateurs<\/strong><br\/>http:\/\/www.harrastajad.ee\/<br\/>(2011)<\/td><\/tr><tr><td><img decoding=\"async\" src=\"https:\/\/maxi.ee\/images\/stories\/portfolio\/nt-elf20.gif\" alt=\"Estonian Fund for Nature\"\/><\/td><td><strong>Estonian Fund for Nature<\/strong><br\/>Integration of new designs in Joomla! with content management<br\/><a href=\"http:\/\/www.elfond.ee\/\" target=\"_blank\" rel=\"noreferrer noopener\">http:\/\/www.elfond.ee\/<\/a><br\/>(2011)<\/td><\/tr><tr><td><img decoding=\"async\" src=\"https:\/\/maxi.ee\/images\/stories\/portfolio\/nt-360gradi.gif\" alt=\"360 degrees\"\/><\/td><td><strong>360 degrees<\/strong><br\/>Integration of new designs in Joomla! with content management<br\/>http:\/\/www.360gradi.lv\/<br\/>(2011)<\/td><\/tr><tr><td><img decoding=\"async\" src=\"https:\/\/maxi.ee\/images\/stories\/portfolio\/nt-valestori.gif\" alt=\"Valestori Market O&#xDC;\"\/><\/td><td><strong>Valestori Market O\u00dc<\/strong><br\/>Facelift<br\/>http:\/\/www.valestori.ee\/<br\/>(2011)<\/td><\/tr><tr><td><img loading=\"lazy\" loading=\"lazy\" decoding=\"async\" src=\"https:\/\/maxi.ee\/images\/stories\/portfolio\/nt-osalusaabits.gif\" alt=\"Participation aids\" width=\"170\" height=\"116\"\/><\/td><td><strong>Participation aids<\/strong><br\/><br\/>http:\/\/www.eko.org.ee\/osalusaabits\/<br\/>(2010)<\/td><\/tr><tr><td><img loading=\"lazy\" loading=\"lazy\" decoding=\"async\" src=\"https:\/\/maxi.ee\/images\/stories\/portfolio\/nt-mootoritehas.gif\" alt=\"nt-motor-factory.gif\" width=\"170\" height=\"112\"\/><\/td><td><strong>Motor factory<\/strong><br\/>A content management website with a price request module.<br\/>http:\/\/www.mootoritehas.ee<br\/>http:\/\/www.motorsplant.eu<br\/>(2010)<\/td><\/tr><tr><td><img decoding=\"async\" src=\"https:\/\/maxi.ee\/images\/stories\/portfolio\/nt-metsaareng.gif\" alt=\"Forestry Development Corporation\"\/><\/td><td><strong>Forestry Development Corporation<\/strong><br\/>A content management website with a gallery module.<br\/><a href=\"http:\/\/www.metsaareng.ee\/\" target=\"_blank\" rel=\"noreferrer noopener\">http:\/\/www.metsaareng.ee<\/a><br\/>(2009)<\/td><\/tr><tr><td><img decoding=\"async\" src=\"https:\/\/maxi.ee\/images\/stories\/portfolio\/nt-heinzbau.gif\" alt=\"Heinzbau website\"\/><\/td><td><strong>Heinzbau O\u00dc<\/strong><br\/>A multilingual content management website with a gallery module.<br\/>http:\/\/www.heinzbau.ee<br\/>(2009)<\/td><\/tr><tr><td><img decoding=\"async\" src=\"https:\/\/maxi.ee\/images\/stories\/portfolio\/nt-kaevud.gif\" alt=\"Amendero website\"\/><\/td><td><strong>O\u00dc Amendero &#8211; construction of wells<\/strong><br\/>Facelift.<br\/><a href=\"http:\/\/www.amendero.ee\/kaev\" target=\"_blank\" rel=\"noreferrer noopener\">http:\/\/www.amendero.ee\/kaev<\/a><br\/>(2009)<\/td><\/tr><tr><td><img decoding=\"async\" src=\"https:\/\/maxi.ee\/images\/stories\/portfolio\/nt-toitlustus.gif\" alt=\"Amendero website\"\/><\/td><td><strong>O\u00dc Amendero &#8211; Catering services<\/strong><br\/>Facelift.<br\/><a href=\"http:\/\/www.amendero.ee\/toitlustus\" target=\"_blank\" rel=\"noreferrer noopener\">http:\/\/www.amendero.ee\/toitlustus<\/a><br\/>(2009)<\/td><\/tr><tr><td><img decoding=\"async\" src=\"https:\/\/maxi.ee\/images\/stories\/portfolio\/nt-leevijoe.gif\" alt=\"Leevij&#xF5;e Village Society homepage\"\/><\/td><td><strong>Leevij\u00f5e Village Society<\/strong><br\/>A content management website with a gallery module.<br\/>http:\/\/www.leevijoe.eu<br\/>(2009)<\/td><\/tr><tr><td><img decoding=\"async\" src=\"https:\/\/maxi.ee\/images\/stories\/portfolio\/nt-fairtrade3.gif\" alt=\"Fairtrade Estonia website\"\/><\/td><td><strong>Fairtrade.ee<\/strong><br\/>Facelift.<br\/><a href=\"http:\/\/www.fairtrade.ee\/\" target=\"_blank\" rel=\"noreferrer noopener\">http:\/\/www.fairtrade.ee<\/a><br\/>(2009)<\/td><\/tr><tr><td><img decoding=\"async\" src=\"https:\/\/maxi.ee\/images\/stories\/portfolio\/nt-elf.gif\" alt=\"Estonian Fund for Nature website\"\/><\/td><td><strong>Estonian Fund for Nature<\/strong><br\/>Migration of an existing website to Joomla! content management software.<br\/><a href=\"http:\/\/www.elfond.ee\/\" target=\"_blank\" rel=\"noreferrer noopener\">http:\/\/www.elfond.ee<\/a><br\/>(2009)<\/td><\/tr><tr><td><img decoding=\"async\" src=\"https:\/\/maxi.ee\/images\/stories\/portfolio\/nt-eko.gif\" alt=\"Estonian Chamber of Environmental Associations\"\/><\/td><td><strong>Estonian Chamber of Environmental Associations<\/strong><br\/>Planning monitoring project, updating the database web interface.<br\/>http:\/\/www.eko.org.ee\/planeeringud<br\/>(2009)<\/td><\/tr><tr><td><img decoding=\"async\" src=\"https:\/\/maxi.ee\/images\/stories\/portfolio\/nt-ravenou.gif\" alt=\"Raven O&#xDC; website\"\/><\/td><td><strong>Raven O\u00dc<br\/><\/strong>Website with content management software, gallery and forms module.<br\/><a href=\"http:\/\/www.ravenou.ee\/\" target=\"_blank\" rel=\"noreferrer noopener\">http:\/\/www.ravenou.ee<\/a><br\/>(2009)<\/td><\/tr><tr><td><img decoding=\"async\" src=\"https:\/\/maxi.ee\/images\/stories\/portfolio\/nt-rattarikkaks.gif\" alt=\"Cycling Estonia! website\"\/><\/td><td><strong>Initiative Cycling in Estonia!<br\/><\/strong>Homepage with content management software. A repository of good examples, a test of the bike-friendliness of Estonian cities, an interactive bike map with Google Map.<br\/>http:\/\/www.rattarikkaks.ee<br\/>(2009)<\/td><\/tr><tr><td><img decoding=\"async\" src=\"https:\/\/maxi.ee\/images\/stories\/portfolio\/nt-rohelised.gif\" alt=\"Party of Estonia Greens\"\/><\/td><td><strong>Party of Estonia Greens<\/strong><br\/>European Parliament election campaign website.<br\/>(2009)<\/td><\/tr><tr><td><img decoding=\"async\" src=\"https:\/\/maxi.ee\/images\/stories\/portfolio\/nt-skanholz.gif\" alt=\"Skan Holz Helme website\"\/><\/td><td><strong>Skan Holz Helme AS<br\/><\/strong>Multilingual website with content management software, gallery module.<br\/><a href=\"http:\/\/www.skanholz.ee\/\" target=\"_blank\" rel=\"noreferrer noopener\">http:\/\/www.skanholz.ee<\/a><br\/>(2009)<\/td><\/tr><tr><td><img decoding=\"async\" src=\"https:\/\/maxi.ee\/images\/stories\/portfolio\/nt-pms.gif\" alt=\"P&#xF5;lva Forest Owners Association website\"\/><\/td><td><strong>P\u00f5lva Metsaomanike Selts<br\/><\/strong>Home page with content management software, gallery module.<br\/><a href=\"http:\/\/www.metsaomanikud.ee\/\" target=\"_blank\" rel=\"noreferrer noopener\">http:\/\/www.metsaomanikud.ee<\/a><br\/>(2009)<\/td><\/tr><tr><td><img decoding=\"async\" src=\"https:\/\/maxi.ee\/images\/stories\/portfolio\/nt-roheline24.gif\" alt=\"making websites\"\/><\/td><td><strong>Green24.ee<br\/><\/strong><br\/>http:\/\/www.roheline24.ee<br\/>(2009)<\/td><\/tr><tr><td><img decoding=\"async\" src=\"https:\/\/maxi.ee\/images\/stories\/portfolio\/nt-thomeko.gif\" alt=\"Thomeko Estonia website\"\/><\/td><td><strong>Thomeko Estonia O\u00dc<\/strong><br\/>Multilingual website with content management.<br\/><a href=\"http:\/\/www.thomeko.ee\/\" target=\"_blank\" rel=\"noreferrer noopener\">http:\/\/www.thomeko.ee<\/a><br\/>(2009)<\/td><\/tr><\/tbody><\/table><\/figure>\n\n<figure class=\"wp-block-table\"><table><tbody><tr><td colspan=\"2\">2008<\/td><\/tr><tr><td>Medkoe O\u00dc<\/td><td>http:\/\/www.medkoe.ee<\/td><\/tr><tr><td>Emaj\u00f5gi Festival<\/td><td><a href=\"http:\/\/www.tartu.ee\/emajoefestival\" target=\"_blank\" rel=\"noreferrer noopener\">http:\/\/www.tartu.ee\/emajoefestival<\/a><\/td><\/tr><tr><td>Cembra O\u00dc<\/td><td>http:\/\/www.cembra.ee<\/td><\/tr><tr><td>savoury.eu<\/td><td>http:\/\/www.soolatuukad.eu<\/td><\/tr><tr><td>Muraste Nature School<\/td><td>http:\/\/www.elfond.ee\/muraste<\/td><\/tr><tr><td>AS Saare Gaas<\/td><td><a href=\"http:\/\/www.saaregaas.ee\/\" target=\"_blank\" rel=\"noreferrer noopener\">http:\/\/www.saaregaas.ee<\/a><\/td><\/tr><tr><td>Bonaprix O\u00dc<\/td><td>http:\/\/www.bonaprix.ee<\/td><\/tr><tr><td colspan=\"2\">2007<\/td><td>\u00a0<\/td><\/tr><tr><td>Fatboy<\/td><td>http:\/\/www.fatboy.ee<\/td><\/tr><tr><td>Tivoli Audio<\/td><td>http:\/\/www.tivoliaudio.ee<\/td><\/tr><tr><td>Entrepreneurship in V\u00e4rska municipality<\/td><td>http:\/\/www.verska.ee\/ettevotlus<\/td><\/tr><tr><td>Plaines O\u00dc<\/td><td>http:\/\/www.plaineswater.ee<\/td><\/tr><tr><td>Estonian Health Foundation<\/td><td><a href=\"http:\/\/www.ehf.ee\/\" target=\"_blank\" rel=\"noreferrer noopener\">http:\/\/www.ehf.ee<\/a><\/td><\/tr><tr><td>Marita Beauty and Health Services<\/td><td>http:\/\/www.marita.ee<\/td><\/tr><tr><td>Ahren Transport Estonia AS<\/td><td>\u00a0<\/td><\/tr><tr><td>Extract Events O\u00dc<\/td><td>http:\/\/www.ekstrakt.ee<\/td><\/tr><tr><td>AS V\u00f5ru Vesi<\/td><td><a href=\"http:\/\/www.voruvesi.ee\/\" target=\"_blank\" rel=\"noreferrer noopener\">http:\/\/www.voruvesi.ee<\/a><\/td><\/tr><tr><td>EasyWork O\u00dc<\/td><td>http:\/\/www.easywork.ee<\/td><\/tr><tr><td>Fine Management<\/td><td>http:\/\/www.finemanagement.ee<\/td><\/tr><tr><td>Fair Trade<\/td><td><a href=\"http:\/\/www.fairtrade.ee\/\" target=\"_blank\" rel=\"noreferrer noopener\">http:\/\/www.fairtrade.ee<\/a><\/td><\/tr><tr><td>Mona Tupperware<\/td><td>http:\/\/www.monatupperware.ee<\/td><\/tr><tr><td colspan=\"2\">2006<\/td><td>\u00a0<\/td><\/tr><tr><td>Amendero O\u00dc &#8211; Catering services<\/td><td><a href=\"http:\/\/www.amendero.ee\/toitlustus\" target=\"_blank\" rel=\"noreferrer noopener\">http:\/\/www.amendero.ee\/toitlustus<\/a><\/td><\/tr><tr><td>Amendero &#8211; Well digging<\/td><td><a href=\"http:\/\/www.amendero.ee\/kaev\" target=\"_blank\" rel=\"noreferrer noopener\">http:\/\/www.amendero.ee\/kaev<\/a><\/td><\/tr><tr><td>Anniversary Agency<\/td><td>http:\/\/www.aastapaev.ee<\/td><\/tr><tr><td>HomePicture magazine<\/td><td>\u00a0<\/td><\/tr><tr><td>Building magazine<\/td><td>\u00a0<\/td><\/tr><tr><td>Talism O\u00dc<\/td><td><a href=\"http:\/\/www.talismus.ee\/\" target=\"_blank\" rel=\"noreferrer noopener\">http:\/\/www.talismus.ee<\/a><\/td><\/tr><tr><td>Magazine 5!<\/td><td>\u00a0<\/td><\/tr><tr><td>Picture magazine<\/td><td>\u00a0<\/td><\/tr><tr><td>Pildilehtede O\u00dc<\/td><td>\u00a0<\/td><\/tr><tr><td colspan=\"2\">P\u00e4rnumaa Vocational Education Centre project &#8220;Development and implementation of the curriculum for electronic equipment assembler&#8221;<\/td><\/tr><tr><td>O\u00dc Pak-Ehitus<\/td><td><a href=\"http:\/\/www.pakehitus.ee\/\" target=\"_blank\" rel=\"noreferrer noopener\">http:\/\/www.pakehitus.ee\/<\/a><\/td><\/tr><tr><td>New Image O\u00dc<\/td><td>\u00a0<\/td><\/tr><tr><td>Yes club<\/td><td>\u00a0<\/td><\/tr><tr><td>Estonian Green Movement<\/td><td><a href=\"http:\/\/www.roheline.ee\/\" target=\"_blank\" rel=\"noreferrer noopener\">http:\/\/www.roheline.ee\/<\/a><\/td><\/tr><tr><td>European Union aid funds<\/td><td>http:\/\/www.eurofondid.org.ee\/<\/td><\/tr><tr><td colspan=\"2\">2003-2005<\/td><td>\u00a0<\/td><\/tr><tr><td>AS Planks<\/td><td>http:\/\/www.bohlen.ee\/<\/td><\/tr><tr><td>Carfree.ee<\/td><td>http:\/\/www.autovaba.ee\/<\/td><\/tr><tr><td>Estonian H\u00f6\u00f6velliist O\u00dc<\/td><td><a href=\"http:\/\/www.hoovelliist.ee\/\" target=\"_blank\" rel=\"noreferrer noopener\">http:\/\/www.hoovelliist.ee\/<\/a><\/td><\/tr><tr><td>Teearu Grupp O\u00dc<\/td><td>\u00a0<\/td><\/tr><tr><td>Common Agricultural Policy (CAP)<\/td><td>\u00a0<\/td><\/tr><tr><td>Party organiser<\/td><td>\u00a0<\/td><\/tr><tr><td>Terameister.ee<\/td><td><a href=\"http:\/\/www.terameister.ee\/\" target=\"_blank\" rel=\"noreferrer noopener\">http:\/\/www.terameister.ee\/<\/a><\/td><\/tr><tr><td>Cookline &#8211; The virtual cookbook<\/td><td>\u00a0<\/td><\/tr><tr><td>Travel reference portal Kreisi.com<\/td><td>http:\/\/www.kreisi.com\/<\/td><\/tr><\/tbody><\/table><\/figure>\n","protected":false},"excerpt":{"rendered":"<p>Voore PuhkekeskusJoomla sisuhaldusmootoril kodulehek\u00fclghttp:\/\/www.voorepuhkekeskus.ee(2014) Skan Holz Helme ASJoomla sisuhaldusmootoril kodulehek\u00fclghttp:\/\/www.skanholz.ee(2014) O\u00dc GresandoJoomla sisuhaldusmootoril kodulehek\u00fclghttp:\/\/www.gresando.ee(2014) Uue Kodu Planeerimise O\u00dc &#8211; Real estate developmentJoomla sisuhaldusmootoril kodulehek\u00fclghttp:\/\/www.muhumaa.com(2012) O\u00dc&#8230;<\/p>\n","protected":false},"author":1,"featured_media":0,"parent":0,"menu_order":0,"comment_status":"closed","ping_status":"closed","template":"","meta":{"footnotes":""},"class_list":["post-9226","page","type-page","status-publish","hentry"],"jetpack_sharing_enabled":true,"_links":{"self":[{"href":"https:\/\/maxi.ee\/en\/wp-json\/wp\/v2\/pages\/9226","targetHints":{"allow":["GET"]}}],"collection":[{"href":"https:\/\/maxi.ee\/en\/wp-json\/wp\/v2\/pages"}],"about":[{"href":"https:\/\/maxi.ee\/en\/wp-json\/wp\/v2\/types\/page"}],"author":[{"embeddable":true,"href":"https:\/\/maxi.ee\/en\/wp-json\/wp\/v2\/users\/1"}],"replies":[{"embeddable":true,"href":"https:\/\/maxi.ee\/en\/wp-json\/wp\/v2\/comments?post=9226"}],"version-history":[{"count":0,"href":"https:\/\/maxi.ee\/en\/wp-json\/wp\/v2\/pages\/9226\/revisions"}],"wp:attachment":[{"href":"https:\/\/maxi.ee\/en\/wp-json\/wp\/v2\/media?parent=9226"}],"curies":[{"name":"wp","href":"https:\/\/api.w.org\/{rel}","templated":true}]}}