{"id":9229,"date":"2024-01-24T14:32:14","date_gmt":"2024-01-24T12:32:14","guid":{"rendered":"https:\/\/maxi.ee\/customer-reviews\/"},"modified":"2024-05-02T21:58:35","modified_gmt":"2024-05-02T18:58:35","slug":"customer-reviews","status":"publish","type":"page","link":"https:\/\/maxi.ee\/en\/customer-reviews\/","title":{"rendered":"Customer reviews"},"content":{"rendered":"\n<h3 class=\"wp-block-heading\">Amendero<\/h3>\n\n<p>That&#8217;s why I would work with you in the future, because I know the quality of your work and your skills.<\/p>\n\n<p><strong>Kairi L\u00f5hmus<\/strong><br\/>Amendero O\u00dc<\/p>\n\n<hr class=\"wp-block-separator has-alpha-channel-opacity\"\/>\n\n<h3 class=\"wp-block-heading\">Carfree.ee<\/h3>\n\n<p><strong>Maxi got us out of a big mess we had gotten into due to the inability of the originally selected contractor and a tight schedule. After that, it was fun working on web development. The agreements were very specific and correctly formulated.<\/strong><\/p>\n\n<p>It was very clear what you could get for the agreed fee, and the solution options offered were understandable to someone not involved in web development on a day-to-day basis.<\/p>\n\n<p>Anyway, we know who to turn to for further development of our web and we can recommend Max to our friends.<\/p>\n\n<p><strong>Mari J\u00fcssi<br\/><\/strong>carfree.ee<\/p>\n\n<hr class=\"wp-block-separator has-alpha-channel-opacity\"\/>\n\n<h3 class=\"wp-block-heading\">Cembra O\u00dc<\/h3>\n\n<p><strong>The attitude was professional, and the work was quick and decent.<\/strong><\/p>\n\n<p>I looked at what you had done before and thought I wanted something like that.<\/p>\n\n<p><strong>Eero Jaska<br\/><\/strong>Cembra O\u00dc<\/p>\n\n<hr class=\"wp-block-separator has-alpha-channel-opacity\"\/>\n\n<h3 class=\"wp-block-heading\">Estonian Planing List<\/h3>\n\n<p><strong>I don&#8217;t see any obstacles to working with Maxi in the future. Communication and customer care is as personal and caring as possible.<\/strong><\/p>\n\n<p>The makers have ideas of their own, which are boldly proposed. At the same time, the client&#8217;s wishes are understood precisely and without problems.<\/p>\n\n<p><strong>Margus Paal<\/strong><br\/>Estonian H\u00f6\u00f6velliist O\u00dc<\/p>\n\n<hr class=\"wp-block-separator has-alpha-channel-opacity\"\/>\n\n<h3 class=\"wp-block-heading\">Estonian Health Foundation<\/h3>\n\n<p>A very good and reliable partner, responsive and responsive to customer needs. Is patient when the client thinks and resolves the situation, even when the client presents conflicting tasks. <\/p>\n\n<p>In short, very satisfied.<\/p>\n\n<p><strong>Dr Eero Merilind<\/strong><br\/>Estonian Health Foundation SA<\/p>\n\n<hr class=\"wp-block-separator has-alpha-channel-opacity\"\/>\n\n<h3 class=\"wp-block-heading\">Estonian Fund for Nature<\/h3>\n\n<p>Reliability, speed, professionalism, price too, but I would be willing to pay more if the project allows.<\/p>\n\n<p><strong>Veljo Runnel<\/strong><br\/>Estonian Fund for Nature<\/p>\n\n<hr class=\"wp-block-separator has-alpha-channel-opacity\"\/>\n\n<h3 class=\"wp-block-heading\">Fine Management<\/h3>\n\n<p>I was very happy!<\/p>\n\n<p><strong>Kaupo Ole<\/strong><br\/>Fine Management O\u00dc<\/p>\n\n<hr class=\"wp-block-separator has-alpha-channel-opacity\"\/>\n\n<h3 class=\"wp-block-heading\">YES Club<\/h3>\n\n<p>Firstly, I really liked the promptness, and secondly, I always got my questions answered.<\/p>\n\n<p><strong>YES Club<\/strong><\/p>\n\n<hr class=\"wp-block-separator has-alpha-channel-opacity\"\/>\n\n<h3 class=\"wp-block-heading\">Marita beauty and health services<\/h3>\n\n<p>The work is fast and decent!<\/p>\n\n<p><strong>Marika Paas<\/strong><br\/>Marita beauty and health services<\/p>\n\n<hr class=\"wp-block-separator has-alpha-channel-opacity\"\/>\n\n<h3 class=\"wp-block-heading\">Plaines<\/h3>\n\n<p>Overall we were very happy with the service, the only complaint is the working time. However, we are also aware that some of the delays were our own fault. <\/p>\n\n<p><strong>Henri Lehtsaar<\/strong><br\/>O\u00dc Plaines<\/p>\n\n<hr class=\"wp-block-separator has-alpha-channel-opacity\"\/>\n\n<h3 class=\"wp-block-heading\">P\u00e4rnumaa Vocational Education Centre<\/h3>\n\n<p>I would continue to work with Max because I was very happy with the overall quality of the website, but also because they are a good team and the client will definitely get a solution.<\/p>\n\n<p><strong>J\u00fcri Puidet<\/strong><br\/>P\u00e4rnumaa Vocational Education Centre<\/p>\n\n<hr class=\"wp-block-separator has-alpha-channel-opacity\"\/>\n\n<h3 class=\"wp-block-heading\">Saare Gas<\/h3>\n\n<p>Thank you to Maxi, who managed to create the website I had in mind. Special thanks for a long mind, because I couldn&#8217;t get the materials together with the necessary speed. I chose Maxi because their website had comprehensive information on how to create a website. The only drawback was the promise that &#8220;you can easily make all the changes yourself&#8221;. I don&#8217;t think it&#8217;s wise to learn the Joomla program to the end and I will need Max&#8217;s help with some things later.    <\/p>\n\n<p><strong>Aivo J\u00fcrisson<\/strong><br\/>AS Saare Gaas<\/p>\n\n<hr class=\"wp-block-separator has-alpha-channel-opacity\"\/>\n\n<h3 class=\"wp-block-heading\">Thomeko Estonia<\/h3>\n\n<p>Very prompt, high quality service and extremely responsive and cooperative. Keep up the good work! <\/p>\n\n<p><strong>Mart Viilipus<\/strong><br\/>Thomeko Estonia O\u00dc<\/p>\n\n<hr class=\"wp-block-separator has-alpha-channel-opacity\"\/>\n\n<h3 class=\"wp-block-heading\">V\u00e4rska Municipality<\/h3>\n\n<p>I was pleased with the quick response, the execution and finding solutions that met the client&#8217;s wishes and offering my own solutions.<br\/>Also pretty good at gathering information from the internet, businesses, etc.<\/p>\n\n<p><strong>Rutt Riitsaar<\/strong><br\/>V\u00e4rska Municipality<\/p>\n","protected":false},"excerpt":{"rendered":"<p>Amendero That&#8217;s why I would work with you in the future, because I know the quality of your work and your skills. Kairi L\u00f5hmusAmendero O\u00dc&#8230;<\/p>\n","protected":false},"author":1,"featured_media":0,"parent":0,"menu_order":0,"comment_status":"closed","ping_status":"closed","template":"","meta":{"footnotes":""},"class_list":["post-9229","page","type-page","status-publish","hentry"],"jetpack_sharing_enabled":true,"_links":{"self":[{"href":"https:\/\/maxi.ee\/en\/wp-json\/wp\/v2\/pages\/9229","targetHints":{"allow":["GET"]}}],"collection":[{"href":"https:\/\/maxi.ee\/en\/wp-json\/wp\/v2\/pages"}],"about":[{"href":"https:\/\/maxi.ee\/en\/wp-json\/wp\/v2\/types\/page"}],"author":[{"embeddable":true,"href":"https:\/\/maxi.ee\/en\/wp-json\/wp\/v2\/users\/1"}],"replies":[{"embeddable":true,"href":"https:\/\/maxi.ee\/en\/wp-json\/wp\/v2\/comments?post=9229"}],"version-history":[{"count":0,"href":"https:\/\/maxi.ee\/en\/wp-json\/wp\/v2\/pages\/9229\/revisions"}],"wp:attachment":[{"href":"https:\/\/maxi.ee\/en\/wp-json\/wp\/v2\/media?parent=9229"}],"curies":[{"name":"wp","href":"https:\/\/api.w.org\/{rel}","templated":true}]}}