{"id":11029,"date":"2024-11-16T11:23:29","date_gmt":"2024-11-16T09:23:29","guid":{"rendered":"https:\/\/maxi.ee\/?page_id=11029"},"modified":"2024-11-16T14:05:01","modified_gmt":"2024-11-16T12:05:01","slug":"privaatsuspoliitika","status":"publish","type":"page","link":"https:\/\/maxi.ee\/et\/privaatsuspoliitika\/","title":{"rendered":"Privaatsuspoliitika"},"content":{"rendered":"\n<p><strong>1. \u00dclds\u00e4tted<\/strong><\/p>\n\n\n\n<p>1.1. K\u00e4esolev privaatsuspoliitika reguleerib isikuandmete kogumist, t\u00f6\u00f6tlemist ja s\u00e4ilitamist k\u00e4sitlevaid p\u00f5him\u00f5tteid. Isikuandmeid kogub t\u00f6\u00f6tleb ja s\u00e4ilitab isikuandmete vastutav t\u00f6\u00f6tleja&nbsp;<strong>O\u00dc Maxi IT<\/strong>&nbsp;(edaspidi andmet\u00f6\u00f6tleja).<\/p>\n\n\n\n<p>1.2. Andmesubjekt privaatsuspoliitika t\u00e4henduses on klient v\u00f5i muu f\u00fc\u00fcsiline isik, kelle isikuandmeid andmet\u00f6\u00f6tleja t\u00f6\u00f6tleb.<\/p>\n\n\n\n<p>1.3. Klient privaatsuspoliitika t\u00e4henduses on iga\u00fcks, kes ostab andmet\u00f6\u00f6tleja kodulehelt kaupu v\u00f5i teenuseid.<\/p>\n\n\n\n<p>1.4. Andmet\u00f6\u00f6tleja j\u00e4rgib \u00f5igusaktides s\u00e4testatud andmete t\u00f6\u00f6tlemise p\u00f5him\u00f5tteid, muuhulgas t\u00f6\u00f6tleb andmet\u00f6\u00f6tleja isikuandmeid seaduslikult, \u00f5iglaselt ja turvaliselt. Andmet\u00f6\u00f6tleja on v\u00f5imeline kinnitama, et isikuandmeid on t\u00f6\u00f6deldud vastavalt \u00f5igusaktides s\u00e4testatule.<\/p>\n\n\n\n<p><strong>2. Isikuandmete kogumine, t\u00f6\u00f6tlemine ja s\u00e4ilitamine<\/strong><\/p>\n\n\n\n<p>2.1. Isikuandmed, mida andmet\u00f6\u00f6tleja kogub, t\u00f6\u00f6tleb ja s\u00e4ilitab, on kogutud elektrooniliselt, peamiselt kodulehe ja e-posti vahendusel.<\/p>\n\n\n\n<p>2.2. Oma isikuandmete jagamisega annab andmesubjekt andmet\u00f6\u00f6tlejale \u00f5iguse koguda, korraldada, kasutada ja hallata privaatsuspoliitikas m\u00e4\u00e4ratletud eesm\u00e4rgil isikuandmeid, mida andmesubjekt otse v\u00f5i kaudselt kodulehel kaupu v\u00f5i teenuseid ostes andmet\u00f6\u00f6tlejale jagab.<\/p>\n\n\n\n<p>2.3. Andmesubjekt vastutab selle eest, et tema poolt esitatud andmed oleksid t\u00e4psed, \u00f5iged ja terviklikud. Teadlikult valeandmete esitamist peetakse privaatsuspoliitika rikkumiseks. Andmesubjekt on kohustatud andmet\u00f6\u00f6tlejat viivitamatult teavitama esitatud andmete muutumisest.<\/p>\n\n\n\n<p>2.4. Andmet\u00f6\u00f6tleja ei vastuta andmesubjekti poolt valeandmete esitamisest p\u00f5hjustatud kahju eest andmesubjektile v\u00f5i kolmandatele osapooltele.<\/p>\n\n\n\n<p><strong>3. Klientide isikuandmete t\u00f6\u00f6tlemine<\/strong><\/p>\n\n\n\n<p>3.1. Andmet\u00f6\u00f6tleja v\u00f5ib t\u00f6\u00f6delda j\u00e4rgnevaid andmesubjekti isikuandmeid:<\/p>\n\n\n\n<p>3.1.1. Ees- ja perekonnanimi;<\/p>\n\n\n\n<p>3.1.2. S\u00fcnnikuup\u00e4ev;<\/p>\n\n\n\n<p>3.1.3. Telefoninumber;<\/p>\n\n\n\n<p>3.1.4. E-posti aadress;<\/p>\n\n\n\n<p>3.1.5. Kohaletoimetamise aadress;<\/p>\n\n\n\n<p>3.1.6. Arvelduskonto number;<\/p>\n\n\n\n<p>3.1.7. Maksekaardi detailid;<\/p>\n\n\n\n<p>3.2. Lisaks eeltoodule on andmet\u00f6\u00f6tlejal \u00f5igus koguda kliendi kohta andmeid, mis on k\u00e4ttesaadavad avalikes registrites.<\/p>\n\n\n\n<p>3.3. Isikuandmete t\u00f6\u00f6tlemise \u00f5iguslik alus on isikuandmete kaitse \u00fcldm\u00e4\u00e4ruse paragrahv 6 lg 1 p-d a), b), c) ja f):<\/p>\n\n\n\n<p>a) andmesubjekt on andnud n\u00f5usoleku t\u00f6\u00f6delda oma isikuandmeid \u00fchel v\u00f5i mitmel konkreetsel eesm\u00e4rgil;<\/p>\n\n\n\n<p>b) isikuandmete t\u00f6\u00f6tlemine on vajalik andmesubjekti osalusel s\u00f5lmitud lepingu t\u00e4itmiseks v\u00f5i lepingu s\u00f5lmimisele eelnevate meetmete v\u00f5tmiseks vastavalt andmesubjekti taotlusele;<\/p>\n\n\n\n<p>c) isikuandmete t\u00f6\u00f6tlemine on vajalik vastutava t\u00f6\u00f6tleja juriidilise kohustuse t\u00e4itmiseks;<\/p>\n\n\n\n<p>f) isikuandmete t\u00f6\u00f6tlemine on vajalik vastutava t\u00f6\u00f6tleja v\u00f5i kolmanda isiku \u00f5igustatud huvi korral, v\u00e4lja arvatud juhul, kui sellise huvi kaaluvad \u00fcles andmesubjekti huvid v\u00f5i p\u00f5hi\u00f5igused ja -vabadused, mille nimel tuleb kaitsta isikuandmeid, eriti juhul kui andmesubjekt on laps.<\/p>\n\n\n\n<p>3.4. Isikuandmete t\u00f6\u00f6tlemine vastavalt t\u00f6\u00f6tlemise eesm\u00e4rgile:<\/p>\n\n\n\n<p>3.4.1. T\u00f6\u00f6tlemise eesm\u00e4rk \u2013 julgeolek ja turvalisus<br>Isikuandmete s\u00e4ilitamise maksimaalne aeg \u2013 vastavalt seaduses nimetatud t\u00e4htaegadele<\/p>\n\n\n\n<p>3.4.2. T\u00f6\u00f6tlemise eesm\u00e4rk \u2013 tellimuse t\u00f6\u00f6tlemine<br>Isikuandmete s\u00e4ilitamise maksimaalne aeg \u2013 7 aastat<\/p>\n\n\n\n<p>3.4.3. T\u00f6\u00f6tlemise eesm\u00e4rk \u2013 e-poe teenuste toimimise tagamine<br>Isikuandmete s\u00e4ilitamise maksimaalne aeg \u2013 7 aastat<\/p>\n\n\n\n<p>3.4.4. T\u00f6\u00f6tlemise eesm\u00e4rk \u2013 kliendihaldus<br>Isikuandmete s\u00e4ilitamise maksimaalne aeg \u2013 7 aastat<\/p>\n\n\n\n<p>3.4.5. T\u00f6\u00f6tlemise eesm\u00e4rk \u2013 finantstegevus, raamatupidamine<br>Isikuandmete s\u00e4ilitamise maksimaalne aeg \u2013 vastavalt seaduses nimetatud t\u00e4htaegadele<\/p>\n\n\n\n<p>3.4.6. T\u00f6\u00f6tlemise eesm\u00e4rk \u2013 turundus<br>Isikuandmete s\u00e4ilitamise maksimaalne aeg \u2013 7 aastat<\/p>\n\n\n\n<p>3.5. Andmet\u00f6\u00f6tlejal on \u00f5igus klientide isikuandmeid jagada kolmandate isikutega, kelleks on n\u00e4iteks volitatud andmet\u00f6\u00f6tlejad, raamatupidajad, transpordi- ja kullerettev\u00f5tted, \u00fclekandeteenuseid pakkuvad ettev\u00f5tted Andmet\u00f6\u00f6tleja on isikuandmete vastutav t\u00f6\u00f6tleja. Andmet\u00f6\u00f6tleja edastab maksete teostamiseks vajalikud isikuandmed volitatud t\u00f6\u00f6tleja Maksekeskus AS-ile.<\/p>\n\n\n\n<p>3.6. Andmesubjekti isikuandmete t\u00f6\u00f6tlemisel ja s\u00e4ilitamisel rakendab andmet\u00f6\u00f6tleja organisatoorseid ja tehnilisi meetmeid, mis tagavad isikuandmete kaitse juhusliku v\u00f5i ebaseadusliku h\u00e4vitamise, muutmise, avalikustamise ja mis tahes muu ebaseadusliku t\u00f6\u00f6tlemise eest.<\/p>\n\n\n\n<p>3.7. Andmet\u00f6\u00f6tleja s\u00e4ilitab andmesubjektide andmeid s\u00f5ltuvalt t\u00f6\u00f6tlemise eesm\u00e4rgist, kuid mitte kauem kui 7 aastat.<\/p>\n\n\n\n<p><strong>4. Andmesubjekti \u00f5igused<\/strong><\/p>\n\n\n\n<p>4.1. Andmesubjektil on \u00f5igus saada ligip\u00e4\u00e4s oma isikuandmetele ning nendega tutvuda.<\/p>\n\n\n\n<p>4.2. Andmesubjektil on \u00f5igus saada informatsiooni tema isikuandmete t\u00f6\u00f6tlemise kohta.<\/p>\n\n\n\n<p>4.3. Andmesubjektil on \u00f5igus t\u00e4iendada v\u00f5i parandada ebat\u00e4pseid andmeid.<\/p>\n\n\n\n<p>4.4. Kui andmet\u00f6\u00f6tleja t\u00f6\u00f6tleb andmesubjekti isikuandmeid andmesubjekti n\u00f5usoleku alusel, siis on andmesubjektil \u00f5igus igal ajal n\u00f5usolek tagasi v\u00f5tta.<\/p>\n\n\n\n<p>4.5. Andmesubjekt saab \u00f5iguste teostamiseks p\u00f6\u00f6rduda e-poe klienditoe poole aadressil info@maxi.ee.<\/p>\n\n\n\n<p>4.6. Andmesubjektil on oma \u00f5iguste kaitseks v\u00f5imalik esitada kaebus Andmekaitse Inspektsioonile.<\/p>\n\n\n\n<p><strong>5. L\u00f5pps\u00e4tted<\/strong><\/p>\n\n\n\n<p>5.1. K\u00e4esolevad andmekaitsetingimused on koostatud koosk\u00f5las Euroopa Parlamendi ja n\u00f5ukogu m\u00e4\u00e4rusega (EL) nr 2016\/679 f\u00fc\u00fcsiliste isikute kaitse kohta isikuandmete t\u00f6\u00f6tlemisel ja selliste andmete vaba liikumise ning direktiivi 95\/46 \/ E\u00dc kehtetuks tunnistamise kohta \/ E\u00dc (isikuandmete kaitse \u00fcldm\u00e4\u00e4rus), Eesti Vabariigi isikuandmete kaitse seadusega ning Eesti Vabariigi ja Euroopa Liidu \u00f5igusaktidega.<\/p>\n\n\n\n<p>5.2. Andmet\u00f6\u00f6tlejal on \u00f5igus andmekaitsetingimusi osaliselt v\u00f5i t\u00e4ielikult muuta, teavitades andmesubjekte muudatustest kodulehe&nbsp;maxi.ee kaudu.<\/p>\n","protected":false},"excerpt":{"rendered":"<p>1. \u00dclds\u00e4tted 1.1. K\u00e4esolev privaatsuspoliitika reguleerib isikuandmete kogumist, t\u00f6\u00f6tlemist ja s\u00e4ilitamist k\u00e4sitlevaid p\u00f5him\u00f5tteid. Isikuandmeid kogub t\u00f6\u00f6tleb ja s\u00e4ilitab isikuandmete vastutav t\u00f6\u00f6tleja&nbsp;O\u00dc Maxi IT&nbsp;(edaspidi andmet\u00f6\u00f6tleja). 1.2&#8230;.<\/p>\n","protected":false},"author":1,"featured_media":0,"parent":0,"menu_order":0,"comment_status":"closed","ping_status":"closed","template":"","meta":{"footnotes":""},"class_list":["post-11029","page","type-page","status-publish","hentry"],"jetpack_sharing_enabled":true,"_links":{"self":[{"href":"https:\/\/maxi.ee\/et\/wp-json\/wp\/v2\/pages\/11029","targetHints":{"allow":["GET"]}}],"collection":[{"href":"https:\/\/maxi.ee\/et\/wp-json\/wp\/v2\/pages"}],"about":[{"href":"https:\/\/maxi.ee\/et\/wp-json\/wp\/v2\/types\/page"}],"author":[{"embeddable":true,"href":"https:\/\/maxi.ee\/et\/wp-json\/wp\/v2\/users\/1"}],"replies":[{"embeddable":true,"href":"https:\/\/maxi.ee\/et\/wp-json\/wp\/v2\/comments?post=11029"}],"version-history":[{"count":0,"href":"https:\/\/maxi.ee\/et\/wp-json\/wp\/v2\/pages\/11029\/revisions"}],"wp:attachment":[{"href":"https:\/\/maxi.ee\/et\/wp-json\/wp\/v2\/media?parent=11029"}],"curies":[{"name":"wp","href":"https:\/\/api.w.org\/{rel}","templated":true}]}}