{"id":4607,"date":"2024-01-24T14:14:59","date_gmt":"2024-01-24T14:14:59","guid":{"rendered":"https:\/\/maxi.ee\/uus\/?page_id=4607"},"modified":"2025-09-04T14:46:06","modified_gmt":"2025-09-04T11:46:06","slug":"arvutite-hooldus-ja-remont-arvutiabi","status":"publish","type":"page","link":"https:\/\/maxi.ee\/et\/arvutite-hooldus-ja-remont-arvutiabi\/","title":{"rendered":"Arvutite hooldus ja remont, arvutiabi"},"content":{"rendered":"\t\t<div data-elementor-type=\"wp-page\" data-elementor-id=\"4607\" class=\"elementor elementor-4607\">\n\t\t\t\t<div class=\"elementor-element elementor-element-30b40303 e-flex e-con-boxed e-con e-parent\" data-id=\"30b40303\" data-element_type=\"container\" data-e-type=\"container\">\n\t\t\t\t\t<div class=\"e-con-inner\">\n\t\t\t\t<div class=\"elementor-element elementor-element-178ca706 elementor-widget elementor-widget-text-editor\" data-id=\"178ca706\" data-element_type=\"widget\" data-e-type=\"widget\" data-widget_type=\"text-editor.default\">\n\t\t\t\t<div class=\"elementor-widget-container\">\n\t\t\t\t\t\t\t\t\t<p>Arvutiparandus Tartus,\u00a0<strong>L\u00f5unakeskuses<\/strong> (avatud E-R 9.00-18.00, L 10.00-16.00, sissep\u00e4\u00e4s Maksimarketi poolsest II korruse parklast).<\/p><p>Arvutite parandus,\u00a0s\u00fclearvutite ja lauaarvutite\u00a0remont, arvutihooldus, arvutiabi. Tahvelarvutite (Ipad, Galaxy Tab, MemoPad, Iconia jm) klaasi ja ekraani vahetus, remont ning hooldus. Lahendame arvutitega seonduvaid muresid, olgu nendeks riistvara v\u00f5i tarkvara probleemid. Remondime k\u00f5igi\u00a0tuntud ja v\u00e4hemtuntud\u00a0tootjate (Acer, Apple, Asus,\u00a0Dell, Fujitsu-Siemens, HP, HP Compac,\u00a0IBM, Lenovo, LG, ML,\u00a0Ordi, Samsung, Sony, Toshiba jt)\u00a0s\u00fcle- ja lauaarvuteid.<\/p><p>Samuti hooldame ja remondime m\u00e4ngukonsoole (Sony\u00a0<strong>PlayStation<\/strong>, Microsoft\u00a0<strong>Xbox,\u00a0<\/strong>Nintendo<strong>\u00a0Switch<\/strong>\u00a0jm) ning\u00a0<strong>robottolmuimejaid<\/strong>.<\/p>\t\t\t\t\t\t\t\t<\/div>\n\t\t\t\t<\/div>\n\t\t\t\t\t<\/div>\n\t\t\t\t<\/div>\n\t\t<div class=\"elementor-element elementor-element-b2786ab e-flex e-con-boxed e-con e-parent\" data-id=\"b2786ab\" data-element_type=\"container\" data-e-type=\"container\">\n\t\t\t\t\t<div class=\"e-con-inner\">\n\t\t\t\t<div class=\"elementor-element elementor-element-85c5ead elementor-widget elementor-widget-etheme_product_menu_layout\" data-id=\"85c5ead\" data-element_type=\"widget\" data-e-type=\"widget\" data-widget_type=\"etheme_product_menu_layout.default\">\n\t\t\t\t<div class=\"elementor-widget-container\">\n\t\t\t\t\t                <div class=\"etheme_products products-layout-menu\">\n                    <div class=\"row products-loop products-grid with-ajax row-count-2\">\n\t\t\t\t\t\t\n                            <div class=\"product product-view-menu col-md-6 col-sm-6 col-xs-6\">\n                                <div class=\"content-product\">\n\t\t\t\t\t\t\t\t\t\n                                    <div class=\"product-details\">\n\t\t\t\t\t\t\t\t\t\t\n\t\t\t\t\t\t\t\t\t\t\n                                        <div class=\"product-main-details\">\n\n                                            <p class=\"product-title\">\n                                                <a>Tarkvara hooldust\u00f6\u00f6d *<\/a>\n                                            <\/p>\n\n                                            <span class=\"separator\"><\/span>\n\t\t\t\t\t\t\t\t\t\t\t\n\t\t\t\t\t\t\t\t\t\t\t<span class=\"price\">44\u20ac<\/span>\n                                        <\/div>\n\t\t\t\t\t\t\t\t\t\t\n\t\t\t\t\t\t\t\t\t\t\n                                            <div class=\"product-info-details\">\n\n                                                <div class=\"product-excerpt\">\n\t\t\t\t\t\t\t\t\t\t\t\t\t<p>Arvuti tarkvaraga seonduvad t\u00f6\u00f6d<\/p>                                                <\/div>\n\n                                                <span style=\"visibility: hidden\">\n\t\t\t\t                                    <span class=\"price\">44\u20ac<\/span>\t\t\t\t                                <\/span>\n\n                                            <\/div>\n\t\t\t\t\t\t\t\t\t\t\n\t\t\t\t\t\t\t\t\t\t\n                                    <\/div>\n\t\t\t\t\t\t\t\t\t\n\t\t\t\t\t\t\t\t\t                                <\/div>\n                            <\/div>\n\t\t\t\t\t\t\t\n                            <div class=\"product product-view-menu col-md-6 col-sm-6 col-xs-6\">\n                                <div class=\"content-product\">\n\t\t\t\t\t\t\t\t\t\n                                    <div class=\"product-details\">\n\t\t\t\t\t\t\t\t\t\t\n\t\t\t\t\t\t\t\t\t\t\n                                        <div class=\"product-main-details\">\n\n                                            <p class=\"product-title\">\n                                                <a>Riistvara hooldust\u00f6\u00f6d *<\/a>\n                                            <\/p>\n\n                                            <span class=\"separator\"><\/span>\n\t\t\t\t\t\t\t\t\t\t\t\n\t\t\t\t\t\t\t\t\t\t\t<span class=\"price\">44\u20ac\/tund<\/span>\n                                        <\/div>\n\t\t\t\t\t\t\t\t\t\t\n\t\t\t\t\t\t\t\t\t\t\n                                            <div class=\"product-info-details\">\n\n                                                <div class=\"product-excerpt\">\n\t\t\t\t\t\t\t\t\t\t\t\t\t<p>Arvuti riistvaraga seonduvad t\u00f6\u00f6d<\/p>                                                <\/div>\n\n                                                <span style=\"visibility: hidden\">\n\t\t\t\t                                    <span class=\"price\">44\u20ac\/tund<\/span>\t\t\t\t                                <\/span>\n\n                                            <\/div>\n\t\t\t\t\t\t\t\t\t\t\n\t\t\t\t\t\t\t\t\t\t\n                                    <\/div>\n\t\t\t\t\t\t\t\t\t\n\t\t\t\t\t\t\t\t\t                                <\/div>\n                            <\/div>\n\t\t\t\t\t\t\t\n                            <div class=\"product product-view-menu col-md-6 col-sm-6 col-xs-6\">\n                                <div class=\"content-product\">\n\t\t\t\t\t\t\t\t\t\n                                    <div class=\"product-details\">\n\t\t\t\t\t\t\t\t\t\t\n\t\t\t\t\t\t\t\t\t\t\n                                        <div class=\"product-main-details\">\n\n                                            <p class=\"product-title\">\n                                                <a>Diagnostika (veaotsing) <\/a>\n                                            <\/p>\n\n                                            <span class=\"separator\"><\/span>\n\t\t\t\t\t\t\t\t\t\t\t\n\t\t\t\t\t\t\t\t\t\t\t<span class=\"price\">30\u20ac<\/span>\n                                        <\/div>\n\t\t\t\t\t\t\t\t\t\t\n\t\t\t\t\t\t\t\t\t\t\n                                            <div class=\"product-info-details\">\n\n                                                <div class=\"product-excerpt\">\n\t\t\t\t\t\t\t\t\t\t\t\t\t<p>Vajadusel defekteerimisakt ja hinnapakkumine kindlustusele. Diagnostikatasu ei rakendu, kui tellitakse ka remont.<\/p>                                                <\/div>\n\n                                                <span style=\"visibility: hidden\">\n\t\t\t\t                                    <span class=\"price\">30\u20ac<\/span>\t\t\t\t                                <\/span>\n\n                                            <\/div>\n\t\t\t\t\t\t\t\t\t\t\n\t\t\t\t\t\t\t\t\t\t\n                                    <\/div>\n\t\t\t\t\t\t\t\t\t\n\t\t\t\t\t\t\t\t\t                                <\/div>\n                            <\/div>\n\t\t\t\t\t\t\t\n                            <div class=\"product product-view-menu col-md-6 col-sm-6 col-xs-6\">\n                                <div class=\"content-product\">\n\t\t\t\t\t\t\t\t\t\n                                    <div class=\"product-details\">\n\t\t\t\t\t\t\t\t\t\t\n\t\t\t\t\t\t\t\t\t\t\n                                        <div class=\"product-main-details\">\n\n                                            <p class=\"product-title\">\n                                                <a>Arvuti puhastamine tolmust<\/a>\n                                            <\/p>\n\n                                            <span class=\"separator\"><\/span>\n\t\t\t\t\t\t\t\t\t\t\t\n\t\t\t\t\t\t\t\t\t\t\t<span class=\"price\">40\u20ac<\/span>\n                                        <\/div>\n\t\t\t\t\t\t\t\t\t\t\n\t\t\t\t\t\t\t\t\t\t\n                                            <div class=\"product-info-details\">\n\n                                                <div class=\"product-excerpt\">\n\t\t\t\t\t\t\t\t\t\t\t\t\t<p>Sisaldab ka termopasta vahetust. Samuti puhastame m\u00e4ngukonsoole jms. <br \/><a href=\"https:\/\/maxi.ee\/et\/arvuti-tolmupuhastus-ja-termopasta-vahetus\/\">Loe l\u00e4hemalt<\/a><\/p>                                                <\/div>\n\n                                                <span style=\"visibility: hidden\">\n\t\t\t\t                                    <span class=\"price\">40\u20ac<\/span>\t\t\t\t                                <\/span>\n\n                                            <\/div>\n\t\t\t\t\t\t\t\t\t\t\n\t\t\t\t\t\t\t\t\t\t\n                                    <\/div>\n\t\t\t\t\t\t\t\t\t\n\t\t\t\t\t\t\t\t\t                                <\/div>\n                            <\/div>\n\t\t\t\t\t\t\t\n                            <div class=\"product product-view-menu col-md-6 col-sm-6 col-xs-6\">\n                                <div class=\"content-product\">\n\t\t\t\t\t\t\t\t\t\n                                    <div class=\"product-details\">\n\t\t\t\t\t\t\t\t\t\t\n\t\t\t\t\t\t\t\t\t\t\n                                        <div class=\"product-main-details\">\n\n                                            <p class=\"product-title\">\n                                                <a>T\u00f6\u00f6jaamade operatsioonis\u00fcsteemide installeerimine<\/a>\n                                            <\/p>\n\n                                            <span class=\"separator\"><\/span>\n\t\t\t\t\t\t\t\t\t\t\t\n\t\t\t\t\t\t\t\t\t\t\t<span class=\"price\">50\u20ac<\/span>\n                                        <\/div>\n\t\t\t\t\t\t\t\t\t\t\n\t\t\t\t\t\t\t\t\t\t\n                                            <div class=\"product-info-details\">\n\n                                                <div class=\"product-excerpt\">\n\t\t\t\t\t\t\t\t\t\t\t\t\t<p>Sisaldab ka draiverite installeerimist, v\u00f5imalusel s\u00e4ilitatakse varukoopia kliendi andmetest.\u00a0<\/p>                                                <\/div>\n\n                                                <span style=\"visibility: hidden\">\n\t\t\t\t                                    <span class=\"price\">50\u20ac<\/span>\t\t\t\t                                <\/span>\n\n                                            <\/div>\n\t\t\t\t\t\t\t\t\t\t\n\t\t\t\t\t\t\t\t\t\t\n                                    <\/div>\n\t\t\t\t\t\t\t\t\t\n\t\t\t\t\t\t\t\t\t                                <\/div>\n                            <\/div>\n\t\t\t\t\t\t\t\n                            <div class=\"product product-view-menu col-md-6 col-sm-6 col-xs-6\">\n                                <div class=\"content-product\">\n\t\t\t\t\t\t\t\t\t\n                                    <div class=\"product-details\">\n\t\t\t\t\t\t\t\t\t\t\n\t\t\t\t\t\t\t\t\t\t\n                                        <div class=\"product-main-details\">\n\n                                            <p class=\"product-title\">\n                                                <a>S\u00fclearvutite ekraani vahetus<\/a>\n                                            <\/p>\n\n                                            <span class=\"separator\"><\/span>\n\t\t\t\t\t\t\t\t\t\t\t\n\t\t\t\t\t\t\t\t\t\t\t<span class=\"price\">40\u20ac<\/span>\n                                        <\/div>\n\t\t\t\t\t\t\t\t\t\t\n\t\t\t\t\t\t\t\t\t\t\n                                            <div class=\"product-info-details\">\n\n                                                <div class=\"product-excerpt\">\n\t\t\t\t\t\t\t\t\t\t\t\t\t                                                <\/div>\n\n                                                <span style=\"visibility: hidden\">\n\t\t\t\t                                    <span class=\"price\">40\u20ac<\/span>\t\t\t\t                                <\/span>\n\n                                            <\/div>\n\t\t\t\t\t\t\t\t\t\t\n\t\t\t\t\t\t\t\t\t\t\n                                    <\/div>\n\t\t\t\t\t\t\t\t\t\n\t\t\t\t\t\t\t\t\t                                <\/div>\n                            <\/div>\n\t\t\t\t\t\t\t\n                            <div class=\"product product-view-menu col-md-6 col-sm-6 col-xs-6\">\n                                <div class=\"content-product\">\n\t\t\t\t\t\t\t\t\t\n                                    <div class=\"product-details\">\n\t\t\t\t\t\t\t\t\t\t\n\t\t\t\t\t\t\t\t\t\t\n                                        <div class=\"product-main-details\">\n\n                                            <p class=\"product-title\">\n                                                <a>Spetsialisti v\u00e4ljakutsetasu kliendi juurde<\/a>\n                                            <\/p>\n\n                                            <span class=\"separator\"><\/span>\n\t\t\t\t\t\t\t\t\t\t\t\n\t\t\t\t\t\t\t\t\t\t\t<span class=\"price\">60\u20ac<\/span>\n                                        <\/div>\n\t\t\t\t\t\t\t\t\t\t\n\t\t\t\t\t\t\t\t\t\t\n                                            <div class=\"product-info-details\">\n\n                                                <div class=\"product-excerpt\">\n\t\t\t\t\t\t\t\t\t\t\t\t\t<p>Sisaldab kuni 60 min t\u00f6\u00f6aega. V\u00e4ljaspool Tartu linna hind kokkuleppel.<br \/><a href=\"https:\/\/maxi.ee\/et\/arvutiabi-tartus-kojukutsed\/\">Loe l\u00e4hemalt<\/a><\/p>                                                <\/div>\n\n                                                <span style=\"visibility: hidden\">\n\t\t\t\t                                    <span class=\"price\">60\u20ac<\/span>\t\t\t\t                                <\/span>\n\n                                            <\/div>\n\t\t\t\t\t\t\t\t\t\t\n\t\t\t\t\t\t\t\t\t\t\n                                    <\/div>\n\t\t\t\t\t\t\t\t\t\n\t\t\t\t\t\t\t\t\t                                <\/div>\n                            <\/div>\n\t\t\t\t\t\t\t\n                            <div class=\"product product-view-menu col-md-6 col-sm-6 col-xs-6\">\n                                <div class=\"content-product\">\n\t\t\t\t\t\t\t\t\t\n                                    <div class=\"product-details\">\n\t\t\t\t\t\t\t\t\t\t\n\t\t\t\t\t\t\t\t\t\t\n                                        <div class=\"product-main-details\">\n\n                                            <p class=\"product-title\">\n                                                <a>Andmete kopeerimine \u00fchelt k\u00f5vakettalt teisele<\/a>\n                                            <\/p>\n\n                                            <span class=\"separator\"><\/span>\n\t\t\t\t\t\t\t\t\t\t\t\n\t\t\t\t\t\t\t\t\t\t\t<span class=\"price\">30\u20ac<\/span>\n                                        <\/div>\n\t\t\t\t\t\t\t\t\t\t\n\t\t\t\t\t\t\t\t\t\t\n                                            <div class=\"product-info-details\">\n\n                                                <div class=\"product-excerpt\">\n\t\t\t\t\t\t\t\t\t\t\t\t\t<p>NB! Hind ei kehti vigase k\u00f5vaketta korral!<\/p>                                                <\/div>\n\n                                                <span style=\"visibility: hidden\">\n\t\t\t\t                                    <span class=\"price\">30\u20ac<\/span>\t\t\t\t                                <\/span>\n\n                                            <\/div>\n\t\t\t\t\t\t\t\t\t\t\n\t\t\t\t\t\t\t\t\t\t\n                                    <\/div>\n\t\t\t\t\t\t\t\t\t\n\t\t\t\t\t\t\t\t\t                                <\/div>\n                            <\/div>\n\t\t\t\t\t\t\t\n                            <div class=\"product product-view-menu col-md-6 col-sm-6 col-xs-6\">\n                                <div class=\"content-product\">\n\t\t\t\t\t\t\t\t\t\n                                    <div class=\"product-details\">\n\t\t\t\t\t\t\t\t\t\t\n\t\t\t\t\t\t\t\t\t\t\n                                        <div class=\"product-main-details\">\n\n                                            <p class=\"product-title\">\n                                                <a>Andmete taastamine vigaselt k\u00f5vakettalt, m\u00e4lupulgalt, m\u00e4lukaardilt<\/a>\n                                            <\/p>\n\n                                            <span class=\"separator\"><\/span>\n\t\t\t\t\t\t\t\t\t\t\t\n\t\t\t\t\t\t\t\t\t\t\t<span class=\"price\">Kokkuleppel<\/span>\n                                        <\/div>\n\t\t\t\t\t\t\t\t\t\t\n\t\t\t\t\t\t\t\t\t\t\n                                            <div class=\"product-info-details\">\n\n                                                <div class=\"product-excerpt\">\n\t\t\t\t\t\t\t\t\t\t\t\t\t<p>NB! Tasu rakendatakse juhul, kui\u00a0v\u00e4hemalt osa andmeid \u00f5nnestub taastada. Ei garanteerita andmete vastavust originaalile!<\/p>                                                <\/div>\n\n                                                <span style=\"visibility: hidden\">\n\t\t\t\t                                    <span class=\"price\">Kokkuleppel<\/span>\t\t\t\t                                <\/span>\n\n                                            <\/div>\n\t\t\t\t\t\t\t\t\t\t\n\t\t\t\t\t\t\t\t\t\t\n                                    <\/div>\n\t\t\t\t\t\t\t\t\t\n\t\t\t\t\t\t\t\t\t                                <\/div>\n                            <\/div>\n\t\t\t\t\t\t\t\n                            <div class=\"product product-view-menu col-md-6 col-sm-6 col-xs-6\">\n                                <div class=\"content-product\">\n\t\t\t\t\t\t\t\t\t\n                                    <div class=\"product-details\">\n\t\t\t\t\t\t\t\t\t\t\n\t\t\t\t\t\t\t\t\t\t\n                                        <div class=\"product-main-details\">\n\n                                            <p class=\"product-title\">\n                                                <a>Emaplaatide remont<\/a>\n                                            <\/p>\n\n                                            <span class=\"separator\"><\/span>\n\t\t\t\t\t\t\t\t\t\t\t\n\t\t\t\t\t\t\t\t\t\t\t<span class=\"price\">Kokkuleppel<\/span>\n                                        <\/div>\n\t\t\t\t\t\t\t\t\t\t\n\t\t\t\t\t\t\t\t\t\t\n                                            <div class=\"product-info-details\">\n\n                                                <div class=\"product-excerpt\">\n\t\t\t\t\t\t\t\t\t\t\t\t\t<p>Teostame emaplaatide remonti \u2013 kiibi vahetus, graafikakaardi, toitepistiku (laadimispesa) jms vahetus. USB-C pistikute vahetus.<\/p>                                                <\/div>\n\n                                                <span style=\"visibility: hidden\">\n\t\t\t\t                                    <span class=\"price\">Kokkuleppel<\/span>\t\t\t\t                                <\/span>\n\n                                            <\/div>\n\t\t\t\t\t\t\t\t\t\t\n\t\t\t\t\t\t\t\t\t\t\n                                    <\/div>\n\t\t\t\t\t\t\t\t\t\n\t\t\t\t\t\t\t\t\t                                <\/div>\n                            <\/div>\n\t\t\t\t\t\t\t\n                            <div class=\"product product-view-menu col-md-6 col-sm-6 col-xs-6\">\n                                <div class=\"content-product\">\n\t\t\t\t\t\t\t\t\t\n                                    <div class=\"product-details\">\n\t\t\t\t\t\t\t\t\t\t\n\t\t\t\t\t\t\t\t\t\t\n                                        <div class=\"product-main-details\">\n\n                                            <p class=\"product-title\">\n                                                <a>Tahvelarvutite remont<\/a>\n                                            <\/p>\n\n                                            <span class=\"separator\"><\/span>\n\t\t\t\t\t\t\t\t\t\t\t\n\t\t\t\t\t\t\t\t\t\t\t<span class=\"price\">Kokkuleppel<\/span>\n                                        <\/div>\n\t\t\t\t\t\t\t\t\t\t\n\t\t\t\t\t\t\t\t\t\t\n                                            <div class=\"product-info-details\">\n\n                                                <div class=\"product-excerpt\">\n\t\t\t\t\t\t\t\t\t\t\t\t\t<p>Apple Ipad, Samsung Galaxy Tab jt tahvelarvutite puuteklaasi vahetus, ekraanivahetus, toitepesa vahetus jms<\/p>                                                <\/div>\n\n                                                <span style=\"visibility: hidden\">\n\t\t\t\t                                    <span class=\"price\">Kokkuleppel<\/span>\t\t\t\t                                <\/span>\n\n                                            <\/div>\n\t\t\t\t\t\t\t\t\t\t\n\t\t\t\t\t\t\t\t\t\t\n                                    <\/div>\n\t\t\t\t\t\t\t\t\t\n\t\t\t\t\t\t\t\t\t                                <\/div>\n                            <\/div>\n\t\t\t\t\t\t\t                    <\/div>\n                <\/div>\n\t\t\t\t\t\t\t<\/div>\n\t\t\t\t<\/div>\n\t\t\t\t\t<\/div>\n\t\t\t\t<\/div>\n\t\t<div class=\"elementor-element elementor-element-9f885df e-flex e-con-boxed e-con e-parent\" data-id=\"9f885df\" data-element_type=\"container\" data-e-type=\"container\">\n\t\t\t\t\t<div class=\"e-con-inner\">\n\t\t\t\t<div class=\"elementor-element elementor-element-b334156 elementor-widget elementor-widget-text-editor\" data-id=\"b334156\" data-element_type=\"widget\" data-e-type=\"widget\" data-widget_type=\"text-editor.default\">\n\t\t\t\t<div class=\"elementor-widget-container\">\n\t\t\t\t\t\t\t\t\t<p>* Tasu arvestatakse poole tunni t\u00e4psusega.<br \/>** Hinnakirja t\u00f6\u00f6d teostatakse \u00fcldj\u00e4rjekorra alusel ja ligikaudne valmimise aeg teatatakse kliendile t\u00f6\u00f6 vastuv\u00f5tmisel, erandiks on kiirt\u00f6\u00f6 ja ootet\u00f6\u00f6. Juhul kui t\u00f6\u00f6 iseloom ei v\u00f5imalda seadet ootet\u00f6\u00f6na remontida, kehtib sellele kiirt\u00f6\u00f6 hind.<\/p>\t\t\t\t\t\t\t\t<\/div>\n\t\t\t\t<\/div>\n\t\t\t\t\t<\/div>\n\t\t\t\t<\/div>\n\t\t<div class=\"elementor-element elementor-element-a56a4b1 e-flex e-con-boxed e-con e-parent\" data-id=\"a56a4b1\" data-element_type=\"container\" data-e-type=\"container\">\n\t\t\t\t\t<div class=\"e-con-inner\">\n\t\t\t\t<div class=\"elementor-element elementor-element-3b529e5 elementor-widget elementor-widget-heading\" data-id=\"3b529e5\" data-element_type=\"widget\" data-e-type=\"widget\" data-widget_type=\"heading.default\">\n\t\t\t\t<div class=\"elementor-widget-container\">\n\t\t\t\t\t<h2 class=\"elementor-heading-title elementor-size-default\">IT tugiteenus ettev\u00f5tetele<\/h2>\t\t\t\t<\/div>\n\t\t\t\t<\/div>\n\t\t\t\t\t<\/div>\n\t\t\t\t<\/div>\n\t\t<div class=\"elementor-element elementor-element-5e83818 e-flex e-con-boxed e-con e-parent\" data-id=\"5e83818\" data-element_type=\"container\" data-e-type=\"container\">\n\t\t\t\t\t<div class=\"e-con-inner\">\n\t\t\t\t<div class=\"elementor-element elementor-element-1cf344f elementor-widget elementor-widget-text-editor\" data-id=\"1cf344f\" data-element_type=\"widget\" data-e-type=\"widget\" data-widget_type=\"text-editor.default\">\n\t\t\t\t<div class=\"elementor-widget-container\">\n\t\t\t\t\t\t\t\t\t<p><\/p>\n<p>Pakume p\u00fcsihoolduslepinguid ettev\u00f5tetele. K\u00fcsi hoolduspakkumist\u00a0<a href=\"https:\/\/maxi.ee\/et\/kontakt\">siit<\/a>!<\/p>\t\t\t\t\t\t\t\t<\/div>\n\t\t\t\t<\/div>\n\t\t\t\t\t<\/div>\n\t\t\t\t<\/div>\n\t\t\t\t<\/div>\n\t\t","protected":false},"excerpt":{"rendered":"<p>Arvutiparandus Tartus,\u00a0L\u00f5unakeskuses (avatud E-R 9.00-18.00, L 10.00-16.00, sissep\u00e4\u00e4s Maksimarketi poolsest II korruse parklast). Arvutite parandus,\u00a0s\u00fclearvutite ja lauaarvutite\u00a0remont, arvutihooldus, arvutiabi. Tahvelarvutite (Ipad, Galaxy Tab, MemoPad, Iconia&#8230;<\/p>\n","protected":false},"author":1,"featured_media":0,"parent":0,"menu_order":0,"comment_status":"closed","ping_status":"closed","template":"","meta":{"footnotes":""},"class_list":["post-4607","page","type-page","status-publish","hentry"],"jetpack_sharing_enabled":true,"_links":{"self":[{"href":"https:\/\/maxi.ee\/et\/wp-json\/wp\/v2\/pages\/4607","targetHints":{"allow":["GET"]}}],"collection":[{"href":"https:\/\/maxi.ee\/et\/wp-json\/wp\/v2\/pages"}],"about":[{"href":"https:\/\/maxi.ee\/et\/wp-json\/wp\/v2\/types\/page"}],"author":[{"embeddable":true,"href":"https:\/\/maxi.ee\/et\/wp-json\/wp\/v2\/users\/1"}],"replies":[{"embeddable":true,"href":"https:\/\/maxi.ee\/et\/wp-json\/wp\/v2\/comments?post=4607"}],"version-history":[{"count":0,"href":"https:\/\/maxi.ee\/et\/wp-json\/wp\/v2\/pages\/4607\/revisions"}],"wp:attachment":[{"href":"https:\/\/maxi.ee\/et\/wp-json\/wp\/v2\/media?parent=4607"}],"curies":[{"name":"wp","href":"https:\/\/api.w.org\/{rel}","templated":true}]}}