{"id":4618,"date":"2024-01-24T14:23:30","date_gmt":"2024-01-24T14:23:30","guid":{"rendered":"https:\/\/maxi.ee\/uus\/?page_id=4618"},"modified":"2024-02-13T17:26:36","modified_gmt":"2024-02-13T15:26:36","slug":"it-taishaldus","status":"publish","type":"page","link":"https:\/\/maxi.ee\/et\/it-taishaldus\/","title":{"rendered":"IT t\u00e4ishaldus"},"content":{"rendered":"\n<p>Tagame sinu ettev\u00f5ttele IT-toimimise ning pakume asjatundlikku abi ka t\u00f6\u00f6tajatele. IT t\u00e4ishaldus aitab ennetada probleeme ning v\u00e4hendada ootamatuid t\u00f6\u00f6seisakuid ning&nbsp;ettev\u00f5ttel ja selle t\u00f6\u00f6tajatel on v\u00f5imalik t\u00e4ielikult p\u00fchenduda oma p\u00f5hi\u00e4riga teenitavate tulude suurendamisele ja tootlikkuse t\u00f5stmisele.<\/p>\n\n\n\n<p>Hoolduslepingu puhul teostame perioodilisi hooldust\u00f6id, et ennetada probleeme ja vigu. Rikete korral reageerime kiirelt ja efektiivselt.<\/p>\n\n\n\n<p>Pakume erinevaid ja paindlikke lahendusi vastavalt vajadustele.<\/p>\n\n\n\n<p><strong>IT-tugiteenuse<\/strong>&nbsp;abil saavad kasutajate p\u00f6\u00f6rdumised lahenduse kindla p\u00fcsimakse alusel telefoni v\u00f5i kaughalduse teel. T\u00f6id kliendi juures teostatakse lisatasu eest. IT-tugiteenus on sobiv v\u00e4iksematele ettev\u00f5tetele, kelle IT-s\u00fcsteemid piirduvad lihtsate kontorilahendustega.<\/p>\n\n\n\n<p><strong>IT-haldusteenuse<\/strong>&nbsp;abil saavad kasutajate p\u00f6\u00f6rdumised kindla p\u00fcsimakse alusel lahenduse telefoni, kaughalduse v\u00f5i kliendi asukohas teostatavate t\u00f6\u00f6de abil. Lisaks kasutajate n\u00f5ustamisele sisaldab teenus ka juhtkonnale IT-arenguvaate pakkumist ja tasuta IT-kaardistust.<\/p>\n\n\n\n<p><strong>IT korrastusprojektid<\/strong>. Kui olemasolev IT-s\u00fcsteem sisaldab ettev\u00f5tte jaoks arvestatavaid \u00e4ririske (madal turvalisus, ebastabiilsed teenused, amotriseerunud seadmed vms), siis soovitame olukorra parendamiseks l\u00e4bi viia IT-korrastusprojekt. Lisaks \u00e4ririskide maandamisele alandab edukas korrastusprojekt IT-halduskulusid ning t\u00f5stab efektiivsust, mis tasuvad end \u00e4ra juba \u00fche aastaga.<\/p>\n\n\n\n<p><a href=\"https:\/\/maxi.ee\/et\/kontakt\">K\u00fcsi hoolduspakkumist v\u00f5i n\u00f5u siit!<\/a><\/p>\n","protected":false},"excerpt":{"rendered":"<p>Tagame sinu ettev\u00f5ttele IT-toimimise ning pakume asjatundlikku abi ka t\u00f6\u00f6tajatele. IT t\u00e4ishaldus aitab ennetada probleeme ning v\u00e4hendada ootamatuid t\u00f6\u00f6seisakuid ning&nbsp;ettev\u00f5ttel ja selle t\u00f6\u00f6tajatel on v\u00f5imalik&#8230;<\/p>\n","protected":false},"author":1,"featured_media":0,"parent":0,"menu_order":0,"comment_status":"closed","ping_status":"closed","template":"","meta":{"footnotes":""},"class_list":["post-4618","page","type-page","status-publish","hentry"],"jetpack_sharing_enabled":true,"_links":{"self":[{"href":"https:\/\/maxi.ee\/et\/wp-json\/wp\/v2\/pages\/4618","targetHints":{"allow":["GET"]}}],"collection":[{"href":"https:\/\/maxi.ee\/et\/wp-json\/wp\/v2\/pages"}],"about":[{"href":"https:\/\/maxi.ee\/et\/wp-json\/wp\/v2\/types\/page"}],"author":[{"embeddable":true,"href":"https:\/\/maxi.ee\/et\/wp-json\/wp\/v2\/users\/1"}],"replies":[{"embeddable":true,"href":"https:\/\/maxi.ee\/et\/wp-json\/wp\/v2\/comments?post=4618"}],"version-history":[{"count":0,"href":"https:\/\/maxi.ee\/et\/wp-json\/wp\/v2\/pages\/4618\/revisions"}],"wp:attachment":[{"href":"https:\/\/maxi.ee\/et\/wp-json\/wp\/v2\/media?parent=4618"}],"curies":[{"name":"wp","href":"https:\/\/api.w.org\/{rel}","templated":true}]}}