{"id":4620,"date":"2024-01-24T14:28:57","date_gmt":"2024-01-24T14:28:57","guid":{"rendered":"https:\/\/maxi.ee\/uus\/?page_id=4620"},"modified":"2024-03-07T15:22:30","modified_gmt":"2024-03-07T13:22:30","slug":"apple-macbook-hooldus","status":"publish","type":"page","link":"https:\/\/maxi.ee\/et\/apple-macbook-hooldus\/","title":{"rendered":"Apple Macbook hooldus"},"content":{"rendered":"\n<p>Teostame hooldust ja remonti Apple j\u00e4rgmistele toodetele: Macbook, Macbook Pro, Macbook Air, iMac, MacMini ja iPad. Omame vajalikke seadmeid, t\u00f6\u00f6riistu, tarkvara ja teadmisi, et teostada ka k\u00f5ige keerulisemaid remontt\u00f6id.<\/p>\n\n\n\n<div class=\"wp-block-group\"><div class=\"wp-block-group__inner-container is-layout-constrained wp-block-group-is-layout-constrained\">\n<div class=\"wp-block-group is-content-justification-center\"><div class=\"wp-block-group__inner-container is-layout-constrained wp-block-group-is-layout-constrained\">\n<p>Enimlevinud probleemid on n\u00e4iteks:<\/p>\n\n\n\n<ul class=\"wp-block-list\">\n<li>Macbook ekraani vahetus<\/li>\n\n\n\n<li>Macbook klaviatuuri vahetus<\/li>\n\n\n\n<li>Macbook aku vahetus<\/li>\n\n\n\n<li>k\u00f5vaketta vahetus, SSD vahetus<\/li>\n\n\n\n<li>tolmupuhastus, termopasta ja ventilaatorite vahetus<\/li>\n\n\n\n<li>tarkvarahooldus<\/li>\n\n\n\n<li>emaplaadi remont (vedelikukahjustus)<\/li>\n<\/ul>\n<\/div><\/div>\n<\/div><\/div>\n","protected":false},"excerpt":{"rendered":"<p>Teostame hooldust ja remonti Apple j\u00e4rgmistele toodetele: Macbook, Macbook Pro, Macbook Air, iMac, MacMini ja iPad. Omame vajalikke seadmeid, t\u00f6\u00f6riistu, tarkvara ja teadmisi, et teostada&#8230;<\/p>\n","protected":false},"author":1,"featured_media":0,"parent":0,"menu_order":0,"comment_status":"closed","ping_status":"closed","template":"","meta":{"footnotes":""},"class_list":["post-4620","page","type-page","status-publish","hentry"],"jetpack_sharing_enabled":true,"_links":{"self":[{"href":"https:\/\/maxi.ee\/et\/wp-json\/wp\/v2\/pages\/4620","targetHints":{"allow":["GET"]}}],"collection":[{"href":"https:\/\/maxi.ee\/et\/wp-json\/wp\/v2\/pages"}],"about":[{"href":"https:\/\/maxi.ee\/et\/wp-json\/wp\/v2\/types\/page"}],"author":[{"embeddable":true,"href":"https:\/\/maxi.ee\/et\/wp-json\/wp\/v2\/users\/1"}],"replies":[{"embeddable":true,"href":"https:\/\/maxi.ee\/et\/wp-json\/wp\/v2\/comments?post=4620"}],"version-history":[{"count":0,"href":"https:\/\/maxi.ee\/et\/wp-json\/wp\/v2\/pages\/4620\/revisions"}],"wp:attachment":[{"href":"https:\/\/maxi.ee\/et\/wp-json\/wp\/v2\/media?parent=4620"}],"curies":[{"name":"wp","href":"https:\/\/api.w.org\/{rel}","templated":true}]}}