{"id":4628,"date":"2024-01-24T14:31:10","date_gmt":"2024-01-24T14:31:10","guid":{"rendered":"https:\/\/maxi.ee\/uus\/?page_id=4628"},"modified":"2024-02-13T17:25:30","modified_gmt":"2024-02-13T15:25:30","slug":"internetiturundus-reklaam-otsingumootorites","status":"publish","type":"page","link":"https:\/\/maxi.ee\/et\/internetiturundus-reklaam-otsingumootorites\/","title":{"rendered":"Internetiturundus, reklaam otsingumootorites"},"content":{"rendered":"\n<p>Meil on tugev kompetents veebilehtede otsingumootorile optimeerimises ning otsimootoriturunduses.&nbsp;<\/p>\n\n\n\n<h3 class=\"wp-block-heading\">Otsingumootoriturundus ja SEO<\/h3>\n\n\n\n<p>Kodulehek\u00fclgede loomisel p\u00f6\u00f6rame v\u00e4ga suurt r\u00f5hku&nbsp;<strong>SEO<\/strong>-le (&#8220;S<em>earch engine optimization<\/em>&#8220;)&nbsp;ehk kodulehe leitavusele otsingumootorites.&nbsp;&nbsp;Et saavutada head kohta otsingutulemustes, tuleb koduleht vastavalt optimeerida. Omame pikaajalisi kogemusi kodulehtede otsingumootoris\u00f5bralikuks optimeerimisel, enamik meie poolt loodud veebilehti on otsingutulemustes k\u00f5rgetel kohtadel.&nbsp;<\/p>\n\n\n\n<h2 class=\"wp-block-heading\">Google m\u00e4rks\u00f5nareklaam (SEM &#8211; Search Engine Marketing)<\/h2>\n\n\n\n<p>Google Adwords kampaaniate haldamine. Google Adwords reklaam on kiireim ja t\u00f5husaim lahendus neile, kelle uus koduleht pole veel otsingutulemustesse j\u00f5udnud, v\u00f5i on tulemustes kesistel positsioonidel. Google Adwords on ka oluline reklaamikanal e-poodidele.<\/p>\n","protected":false},"excerpt":{"rendered":"<p>Meil on tugev kompetents veebilehtede otsingumootorile optimeerimises ning otsimootoriturunduses.&nbsp; Otsingumootoriturundus ja SEO Kodulehek\u00fclgede loomisel p\u00f6\u00f6rame v\u00e4ga suurt r\u00f5hku&nbsp;SEO-le (&#8220;Search engine optimization&#8220;)&nbsp;ehk kodulehe leitavusele otsingumootorites.&nbsp;&nbsp;Et saavutada&#8230;<\/p>\n","protected":false},"author":1,"featured_media":0,"parent":0,"menu_order":0,"comment_status":"closed","ping_status":"closed","template":"","meta":{"footnotes":""},"class_list":["post-4628","page","type-page","status-publish","hentry"],"jetpack_sharing_enabled":true,"_links":{"self":[{"href":"https:\/\/maxi.ee\/et\/wp-json\/wp\/v2\/pages\/4628","targetHints":{"allow":["GET"]}}],"collection":[{"href":"https:\/\/maxi.ee\/et\/wp-json\/wp\/v2\/pages"}],"about":[{"href":"https:\/\/maxi.ee\/et\/wp-json\/wp\/v2\/types\/page"}],"author":[{"embeddable":true,"href":"https:\/\/maxi.ee\/et\/wp-json\/wp\/v2\/users\/1"}],"replies":[{"embeddable":true,"href":"https:\/\/maxi.ee\/et\/wp-json\/wp\/v2\/comments?post=4628"}],"version-history":[{"count":0,"href":"https:\/\/maxi.ee\/et\/wp-json\/wp\/v2\/pages\/4628\/revisions"}],"wp:attachment":[{"href":"https:\/\/maxi.ee\/et\/wp-json\/wp\/v2\/media?parent=4628"}],"curies":[{"name":"wp","href":"https:\/\/api.w.org\/{rel}","templated":true}]}}