{"id":4634,"date":"2024-01-24T14:33:18","date_gmt":"2024-01-24T14:33:18","guid":{"rendered":"https:\/\/maxi.ee\/uus\/?page_id=4634"},"modified":"2024-02-13T17:24:24","modified_gmt":"2024-02-13T15:24:24","slug":"ettevottest","status":"publish","type":"page","link":"https:\/\/maxi.ee\/et\/ettevottest\/","title":{"rendered":"Ettev\u00f5ttest"},"content":{"rendered":"\n<p>O\u00dc Maxi IT alustas tegevust 2004. aastal, meie p\u00f5hitegevusalaks on IT-teenuste pakkumine nii eraisikutele, kui firmadele.&nbsp;<\/p>\n\n\n\n<p>Pakume IT hoolduse ja halduse t\u00e4isteenust v\u00e4ikese- ja keskmise suurusega ettev\u00f5tetele &#8211; arvutite, serverite ja muude IT-seadmete hooldus ning remont, kiire rikete lahendamine. Tegevuspiirkond on Tartu ja L\u00f5una-Eesti, l\u00e4bi kaughalduse v\u00f5i partnerite abiga saame operatiivset haldusteenust pakkuda \u00fcle Eesti.<\/p>\n\n\n\n<p>Omame enam kui 20 aastat kogemust veebilahenduste loomisel. Oskame valmistada kaasaegseid ning kergesti kasutatavaid veebilahendusi, mis aitavad t\u00f5sta Teie ettev\u00f5tte konkurentsiv\u00f5imet, leida uusi kliente ja partnereid. Meie t\u00f6\u00f6tajad on osalenud erinevates veebiprojektides alustades lihtsa kodulehe koostamisest ja l\u00f5petades keerukamate, andmebaasiga seotud halduss\u00fcsteemide programmeerimisega.<\/p>\n","protected":false},"excerpt":{"rendered":"<p>O\u00dc Maxi IT alustas tegevust 2004. aastal, meie p\u00f5hitegevusalaks on IT-teenuste pakkumine nii eraisikutele, kui firmadele.&nbsp; Pakume IT hoolduse ja halduse t\u00e4isteenust v\u00e4ikese- ja keskmise&#8230;<\/p>\n","protected":false},"author":1,"featured_media":0,"parent":0,"menu_order":0,"comment_status":"closed","ping_status":"closed","template":"","meta":{"footnotes":""},"class_list":["post-4634","page","type-page","status-publish","hentry"],"jetpack_sharing_enabled":true,"_links":{"self":[{"href":"https:\/\/maxi.ee\/et\/wp-json\/wp\/v2\/pages\/4634","targetHints":{"allow":["GET"]}}],"collection":[{"href":"https:\/\/maxi.ee\/et\/wp-json\/wp\/v2\/pages"}],"about":[{"href":"https:\/\/maxi.ee\/et\/wp-json\/wp\/v2\/types\/page"}],"author":[{"embeddable":true,"href":"https:\/\/maxi.ee\/et\/wp-json\/wp\/v2\/users\/1"}],"replies":[{"embeddable":true,"href":"https:\/\/maxi.ee\/et\/wp-json\/wp\/v2\/comments?post=4634"}],"version-history":[{"count":0,"href":"https:\/\/maxi.ee\/et\/wp-json\/wp\/v2\/pages\/4634\/revisions"}],"wp:attachment":[{"href":"https:\/\/maxi.ee\/et\/wp-json\/wp\/v2\/media?parent=4634"}],"curies":[{"name":"wp","href":"https:\/\/api.w.org\/{rel}","templated":true}]}}