{"id":7770,"date":"2024-03-07T14:10:05","date_gmt":"2024-03-07T12:10:05","guid":{"rendered":"https:\/\/maxi.ee\/?page_id=7770"},"modified":"2025-09-25T11:26:32","modified_gmt":"2025-09-25T08:26:32","slug":"arvutiabi-tartus-kojukutsed","status":"publish","type":"page","link":"https:\/\/maxi.ee\/et\/arvutiabi-tartus-kojukutsed\/","title":{"rendered":"Arvutiabi Tartus, kojukutsed"},"content":{"rendered":"\t\t<div data-elementor-type=\"wp-page\" data-elementor-id=\"7770\" class=\"elementor elementor-7770\">\n\t\t\t\t<div class=\"elementor-element elementor-element-56b066c e-flex e-con-boxed e-con e-parent\" data-id=\"56b066c\" data-element_type=\"container\" data-e-type=\"container\">\n\t\t\t\t\t<div class=\"e-con-inner\">\n\t\t\t\t<div class=\"elementor-element elementor-element-1fdc403 elementor-widget elementor-widget-text-editor\" data-id=\"1fdc403\" data-element_type=\"widget\" data-e-type=\"widget\" data-widget_type=\"text-editor.default\">\n\t\t\t\t<div class=\"elementor-widget-container\">\n\t\t\t\t\t\t\t\t\t<p>Kui Teil pole v\u00f5imalust remontivajavat arvutit ise teenindusse tuua, saate meilt <strong>spetsialisti kohapeale<\/strong> kutsuda. V\u00e4ljakutsetasu Tartu linnas on 60\u20ac, mis sisaldab ka 60min t\u00f6\u00f6aega. Iga j\u00e4rgneva pooltunni hind on 30\u20ac. V\u00e4ljaspool Tartut on v\u00e4ljakutse maksumus kokkuleppel.<\/p><p>Kui arvutit pole v\u00f5imalik kohapeal remontida v\u00f5i l\u00e4heb see liiga ajamahukaks (ja kalliks), v\u00f5tame arvuti kaasa ja toome hiljem kordatehtult tagasi.<\/p><p>Kojukutse tellimiseks palume v\u00f5tta \u00fchendust 545 222 00.<\/p>\t\t\t\t\t\t\t\t<\/div>\n\t\t\t\t<\/div>\n\t\t\t\t\t<\/div>\n\t\t\t\t<\/div>\n\t\t\t\t<\/div>\n\t\t","protected":false},"excerpt":{"rendered":"<p>Kui Teil pole v\u00f5imalust remontivajavat arvutit ise teenindusse tuua, saate meilt spetsialisti kohapeale kutsuda. V\u00e4ljakutsetasu Tartu linnas on 60\u20ac, mis sisaldab ka 60min t\u00f6\u00f6aega. Iga&#8230;<\/p>\n","protected":false},"author":1,"featured_media":0,"parent":0,"menu_order":0,"comment_status":"closed","ping_status":"closed","template":"","meta":{"footnotes":""},"class_list":["post-7770","page","type-page","status-publish","hentry"],"jetpack_sharing_enabled":true,"_links":{"self":[{"href":"https:\/\/maxi.ee\/et\/wp-json\/wp\/v2\/pages\/7770","targetHints":{"allow":["GET"]}}],"collection":[{"href":"https:\/\/maxi.ee\/et\/wp-json\/wp\/v2\/pages"}],"about":[{"href":"https:\/\/maxi.ee\/et\/wp-json\/wp\/v2\/types\/page"}],"author":[{"embeddable":true,"href":"https:\/\/maxi.ee\/et\/wp-json\/wp\/v2\/users\/1"}],"replies":[{"embeddable":true,"href":"https:\/\/maxi.ee\/et\/wp-json\/wp\/v2\/comments?post=7770"}],"version-history":[{"count":0,"href":"https:\/\/maxi.ee\/et\/wp-json\/wp\/v2\/pages\/7770\/revisions"}],"wp:attachment":[{"href":"https:\/\/maxi.ee\/et\/wp-json\/wp\/v2\/media?parent=7770"}],"curies":[{"name":"wp","href":"https:\/\/api.w.org\/{rel}","templated":true}]}}