{"id":11062,"date":"2024-11-16T14:41:23","date_gmt":"2024-11-16T12:41:23","guid":{"rendered":"https:\/\/maxi.ee\/?post_type=product&#038;p=11062"},"modified":"2024-11-16T14:42:17","modified_gmt":"2024-11-16T12:42:17","slug":"dahua-pfa137-paigaldusalus-uhendusbox-paljudele-kuppel-ja-kerakaameratele","status":"publish","type":"product","link":"https:\/\/maxi.ee\/et\/e-pood\/tarvikud\/dahua-pfa137-paigaldusalus-uhendusbox-paljudele-kuppel-ja-kerakaameratele\/","title":{"rendered":"Dahua PFA137 paigaldusalus \/ \u00fchendusbox paljudele kuppel- ja kerakaameratele"},"content":{"rendered":"<p>Mudel: DH-PFA137<br \/>\nToote kaal: 0.26kg<br \/>\nPakend: 145.00mm x 145.00mm x 65.00mm<br \/>\nEAN kood: 6939554903533<\/p>\n<p>Paigaldusalus Dahua kolme augureaga kera- ja kuppelkaameratele vastavalt sobivustabelile<\/p>\n<p>Ilmastikukindel alumiinium -40\u00b0C ~ 60\u00b0C<\/p>\n<p>M\u00f5\u00f5dud 122.0mmx34.2mm, kaabli l\u00e4biviik M20(G1\/2\u201d)<\/p>\n<p>Kaablite PG l\u00e4biviik komplektis<\/p>\n","protected":false},"excerpt":{"rendered":"<p>Mudel: DH-PFA137 Toote kaal: 0.26kg Pakend: 145.00mm x 145.00mm x 65.00mm EAN kood: 6939554903533 Paigaldusalus Dahua kolme augureaga kera- ja kuppelkaameratele vastavalt sobivustabelile Ilmastikukindel alumiinium&#8230;<\/p>\n","protected":false},"featured_media":11065,"comment_status":"open","ping_status":"closed","template":"","meta":[],"etheme_brands":[],"product_brand":[],"product_cat":[51],"product_tag":[],"class_list":{"0":"post-11062","1":"product","2":"type-product","3":"status-publish","4":"has-post-thumbnail","6":"product_cat-tarvikud","8":"first","9":"instock","10":"taxable","11":"shipping-taxable","12":"purchasable","13":"product-type-simple"},"jetpack_sharing_enabled":true,"_links":{"self":[{"href":"https:\/\/maxi.ee\/et\/wp-json\/wp\/v2\/product\/11062","targetHints":{"allow":["GET"]}}],"collection":[{"href":"https:\/\/maxi.ee\/et\/wp-json\/wp\/v2\/product"}],"about":[{"href":"https:\/\/maxi.ee\/et\/wp-json\/wp\/v2\/types\/product"}],"replies":[{"embeddable":true,"href":"https:\/\/maxi.ee\/et\/wp-json\/wp\/v2\/comments?post=11062"}],"version-history":[{"count":0,"href":"https:\/\/maxi.ee\/et\/wp-json\/wp\/v2\/product\/11062\/revisions"}],"wp:featuredmedia":[{"embeddable":true,"href":"https:\/\/maxi.ee\/et\/wp-json\/wp\/v2\/media\/11065"}],"wp:attachment":[{"href":"https:\/\/maxi.ee\/et\/wp-json\/wp\/v2\/media?parent=11062"}],"wp:term":[{"taxonomy":"brand","embeddable":true,"href":"https:\/\/maxi.ee\/et\/wp-json\/wp\/v2\/etheme_brands?post=11062"},{"taxonomy":"product_brand","embeddable":true,"href":"https:\/\/maxi.ee\/et\/wp-json\/wp\/v2\/product_brand?post=11062"},{"taxonomy":"product_cat","embeddable":true,"href":"https:\/\/maxi.ee\/et\/wp-json\/wp\/v2\/product_cat?post=11062"},{"taxonomy":"product_tag","embeddable":true,"href":"https:\/\/maxi.ee\/et\/wp-json\/wp\/v2\/product_tag?post=11062"}],"curies":[{"name":"wp","href":"https:\/\/api.w.org\/{rel}","templated":true}]}}