{"id":12207,"date":"2025-11-18T12:04:53","date_gmt":"2025-11-18T10:04:53","guid":{"rendered":"https:\/\/maxi.ee\/?post_type=product&#038;p=12207"},"modified":"2026-01-15T11:14:17","modified_gmt":"2026-01-15T09:14:17","slug":"dell-24-u2421he-usb-c-monitor","status":"publish","type":"product","link":"https:\/\/maxi.ee\/et\/e-pood\/kasutatud-monitorid\/dell-24-u2421he-usb-c-monitor\/","title":{"rendered":"Dell 24&#8243; U2421HE USB-C monitor"},"content":{"rendered":"<div>\n<div>\n<div>\n<p>Seisukord: kasutatud, A+<\/p>\n<p><strong>NB! Postiga saatmine pole v\u00f5imalik.<\/strong><\/p>\n<\/div>\n<\/div>\n<\/div>\n<div>\n<div>\n<div>\n<table id=\"product-attribute-specs-table\" class=\"data table additional-attributes\">\n<caption class=\"table-caption\"><strong>Andmed<\/strong><\/caption>\n<tbody>\n<tr>\n<th class=\"col label\" scope=\"row\">Dokkimine<\/th>\n<td class=\"col data\" data-th=\"Dokkimine\">Integreeritud USB-C dokiga<\/td>\n<\/tr>\n<tr>\n<th class=\"col label\" scope=\"row\">Ekraani diagonaal<\/th>\n<td class=\"col data\" data-th=\"Ekraani diagonaal\">24&#8243;<\/td>\n<\/tr>\n<tr>\n<th class=\"col label\" scope=\"row\">Ekraani omadused<\/th>\n<td class=\"col data\" data-th=\"Ekraani omadused\">IPS, Matt<\/td>\n<\/tr>\n<tr>\n<th class=\"col label\" scope=\"row\">Ekraani resolutsioon<\/th>\n<td class=\"col data\" data-th=\"Ekraani resolutsioon\">1920 x 1080 FHD<\/td>\n<\/tr>\n<tr>\n<th class=\"col label\" scope=\"row\">Arvutiga \u00fchendamine<\/th>\n<td class=\"col data\" data-th=\"Arvutiga \u00fchendamine\">HDMI, DisplayPort, USB-C<\/td>\n<\/tr>\n<tr>\n<th class=\"col label\" scope=\"row\">Muud \u00fchendused<\/th>\n<td class=\"col data\" data-th=\"Muud \u00fchendused\">v\u00f5rgukaabli pesa (RJ45)<\/td>\n<\/tr>\n<tr>\n<th class=\"col label\" scope=\"row\">Vaatenurk<\/th>\n<td class=\"col data\" data-th=\"Vaatenurk\">178\u00b0\/178\u00b0<\/td>\n<\/tr>\n<tr>\n<th class=\"col label\" scope=\"row\">Kontrast<\/th>\n<td class=\"col data\" data-th=\"Kontrast\">1000 : 1<\/td>\n<\/tr>\n<tr>\n<th class=\"col label\" scope=\"row\">Heledustugevus<\/th>\n<td class=\"col data\" data-th=\"Heledustugevus\">250 cd\/m\u00b2<\/td>\n<\/tr>\n<tr>\n<th class=\"col label\" scope=\"row\">Reageerimisaeg<\/th>\n<td class=\"col data\" data-th=\"Reageerimisaeg\">5 ms<\/td>\n<\/tr>\n<tr>\n<th class=\"col label\" scope=\"row\">Reguleerimine<\/th>\n<td class=\"col data\" data-th=\"Reguleerimine\">reguleeritav k\u00f5rgus, horisontaalselt p\u00f6\u00f6ratav, pivot (p\u00f6\u00f6rlemistelg), reguleeritav kaldenurk<\/td>\n<\/tr>\n<\/tbody>\n<\/table>\n<\/div>\n<\/div>\n<\/div>\n","protected":false},"excerpt":{"rendered":"<p>Mudel: U2421HE<\/p>\n","protected":false},"featured_media":12209,"comment_status":"open","ping_status":"closed","template":"","meta":[],"etheme_brands":[{"term_id":304,"name":"Dell","slug":"dell","term_group":0,"term_taxonomy_id":304,"taxonomy":"brand","description":"","parent":0,"count":491,"filter":"raw"}],"product_brand":[],"product_cat":[19],"product_tag":[],"class_list":{"0":"post-12207","1":"product","2":"type-product","3":"status-publish","4":"has-post-thumbnail","6":"brand-dell","7":"product_cat-kasutatud-monitorid","9":"first","10":"instock","11":"virtual","12":"taxable","13":"purchasable","14":"product-type-simple"},"jetpack_sharing_enabled":true,"_links":{"self":[{"href":"https:\/\/maxi.ee\/et\/wp-json\/wp\/v2\/product\/12207","targetHints":{"allow":["GET"]}}],"collection":[{"href":"https:\/\/maxi.ee\/et\/wp-json\/wp\/v2\/product"}],"about":[{"href":"https:\/\/maxi.ee\/et\/wp-json\/wp\/v2\/types\/product"}],"replies":[{"embeddable":true,"href":"https:\/\/maxi.ee\/et\/wp-json\/wp\/v2\/comments?post=12207"}],"version-history":[{"count":0,"href":"https:\/\/maxi.ee\/et\/wp-json\/wp\/v2\/product\/12207\/revisions"}],"wp:featuredmedia":[{"embeddable":true,"href":"https:\/\/maxi.ee\/et\/wp-json\/wp\/v2\/media\/12209"}],"wp:attachment":[{"href":"https:\/\/maxi.ee\/et\/wp-json\/wp\/v2\/media?parent=12207"}],"wp:term":[{"taxonomy":"brand","embeddable":true,"href":"https:\/\/maxi.ee\/et\/wp-json\/wp\/v2\/etheme_brands?post=12207"},{"taxonomy":"product_brand","embeddable":true,"href":"https:\/\/maxi.ee\/et\/wp-json\/wp\/v2\/product_brand?post=12207"},{"taxonomy":"product_cat","embeddable":true,"href":"https:\/\/maxi.ee\/et\/wp-json\/wp\/v2\/product_cat?post=12207"},{"taxonomy":"product_tag","embeddable":true,"href":"https:\/\/maxi.ee\/et\/wp-json\/wp\/v2\/product_tag?post=12207"}],"curies":[{"name":"wp","href":"https:\/\/api.w.org\/{rel}","templated":true}]}}