{"id":12229,"date":"2025-11-19T12:56:27","date_gmt":"2025-11-19T10:56:27","guid":{"rendered":"https:\/\/maxi.ee\/?post_type=product&#038;p=12229"},"modified":"2026-03-17T12:32:14","modified_gmt":"2026-03-17T10:32:14","slug":"dell-p2419h-24-fhd-ips-monitor","status":"publish","type":"product","link":"https:\/\/maxi.ee\/et\/e-pood\/kasutatud-monitorid\/dell-p2419h-24-fhd-ips-monitor\/","title":{"rendered":"DELL P2419H 24&#8243; FHD IPS monitor"},"content":{"rendered":"<p>Seisukord: kasutatud, A+<\/p>\n<p><strong>NB! Postiga saatmine pole v\u00f5imalik.<\/strong><\/p>\n<div class=\"groupname\" data-v-c3519ee4=\"\">\n<table id=\"product-attribute-specs-table\" class=\"data table additional-attributes\">\n<caption class=\"table-caption\">Andmed<\/caption>\n<tbody>\n<tr>\n<th class=\"col label\" scope=\"row\">Ekraani diagonaal<\/th>\n<td class=\"col data\" data-th=\"Ekraani diagonaal\">24&#8243;<\/td>\n<\/tr>\n<tr>\n<th class=\"col label\" scope=\"row\">Ekraani omadused<\/th>\n<td class=\"col data\" data-th=\"Ekraani omadused\">IPS, LED, Matt<\/td>\n<\/tr>\n<tr>\n<th class=\"col label\" scope=\"row\">Ekraani resolutsioon<\/th>\n<td class=\"col data\" data-th=\"Ekraani resolutsioon\">1920 x 1080 FHD<\/td>\n<\/tr>\n<tr>\n<th class=\"col label\" scope=\"row\">Arvutiga \u00fchendamine<\/th>\n<td class=\"col data\" data-th=\"Arvutiga \u00fchendamine\">VGA, HDMI, DisplayPort<\/td>\n<\/tr>\n<tr>\n<th class=\"col label\" scope=\"row\">USB pesad<\/th>\n<td class=\"col data\" data-th=\"USB pesad\">USB 2.0 x2, USB 3.0 x2<\/td>\n<\/tr>\n<tr>\n<th class=\"col label\" scope=\"row\">Vaatenurk<\/th>\n<td class=\"col data\" data-th=\"Vaatenurk\">178\u00b0\/178\u00b0<\/td>\n<\/tr>\n<tr>\n<th class=\"col label\" scope=\"row\">Kontrast<\/th>\n<td class=\"col data\" data-th=\"Kontrast\">1000 : 1<\/td>\n<\/tr>\n<tr>\n<th class=\"col label\" scope=\"row\">Heledustugevus<\/th>\n<td class=\"col data\" data-th=\"Heledustugevus\">250 cd\/m\u00b2<\/td>\n<\/tr>\n<tr>\n<th class=\"col label\" scope=\"row\">Reageerimisaeg<\/th>\n<td class=\"col data\" data-th=\"Reageerimisaeg\">8 ms<\/td>\n<\/tr>\n<tr>\n<th class=\"col label\" scope=\"row\">Reguleerimine<\/th>\n<td class=\"col data\" data-th=\"Reguleerimine\">reguleeritav k\u00f5rgus, horisontaalselt p\u00f6\u00f6ratav, pivot (p\u00f6\u00f6rlemistelg), reguleeritav kaldenurk<\/td>\n<\/tr>\n<\/tbody>\n<\/table>\n<\/div>\n","protected":false},"excerpt":{"rendered":"<p>Mudel: P2419H<\/p>\n","protected":false},"featured_media":12233,"comment_status":"open","ping_status":"closed","template":"","meta":[],"etheme_brands":[{"term_id":304,"name":"Dell","slug":"dell","term_group":0,"term_taxonomy_id":304,"taxonomy":"brand","description":"","parent":0,"count":491,"filter":"raw"}],"product_brand":[],"product_cat":[19],"product_tag":[],"class_list":{"0":"post-12229","1":"product","2":"type-product","3":"status-publish","4":"has-post-thumbnail","6":"brand-dell","7":"product_cat-kasutatud-monitorid","9":"first","10":"outofstock","11":"virtual","12":"taxable","13":"purchasable","14":"product-type-simple"},"jetpack_sharing_enabled":true,"_links":{"self":[{"href":"https:\/\/maxi.ee\/et\/wp-json\/wp\/v2\/product\/12229","targetHints":{"allow":["GET"]}}],"collection":[{"href":"https:\/\/maxi.ee\/et\/wp-json\/wp\/v2\/product"}],"about":[{"href":"https:\/\/maxi.ee\/et\/wp-json\/wp\/v2\/types\/product"}],"replies":[{"embeddable":true,"href":"https:\/\/maxi.ee\/et\/wp-json\/wp\/v2\/comments?post=12229"}],"version-history":[{"count":0,"href":"https:\/\/maxi.ee\/et\/wp-json\/wp\/v2\/product\/12229\/revisions"}],"wp:featuredmedia":[{"embeddable":true,"href":"https:\/\/maxi.ee\/et\/wp-json\/wp\/v2\/media\/12233"}],"wp:attachment":[{"href":"https:\/\/maxi.ee\/et\/wp-json\/wp\/v2\/media?parent=12229"}],"wp:term":[{"taxonomy":"brand","embeddable":true,"href":"https:\/\/maxi.ee\/et\/wp-json\/wp\/v2\/etheme_brands?post=12229"},{"taxonomy":"product_brand","embeddable":true,"href":"https:\/\/maxi.ee\/et\/wp-json\/wp\/v2\/product_brand?post=12229"},{"taxonomy":"product_cat","embeddable":true,"href":"https:\/\/maxi.ee\/et\/wp-json\/wp\/v2\/product_cat?post=12229"},{"taxonomy":"product_tag","embeddable":true,"href":"https:\/\/maxi.ee\/et\/wp-json\/wp\/v2\/product_tag?post=12229"}],"curies":[{"name":"wp","href":"https:\/\/api.w.org\/{rel}","templated":true}]}}